{"id":4031,"date":"2024-04-04T11:55:14","date_gmt":"2024-04-04T11:55:14","guid":{"rendered":"https:\/\/pramec.co\/fabrica-piezas-metalicas\/?page_id=4031"},"modified":"2025-09-26T17:29:00","modified_gmt":"2025-09-26T17:29:00","slug":"troquelado-prensa-3","status":"publish","type":"page","link":"https:\/\/pramec.co\/fabrica-piezas-metalicas\/troquelado-prensa-3\/","title":{"rendered":"Plaforizado y proceso de pintura electroest\u00e1tica"},"content":{"rendered":"<header>\n<p>+ 57 601 756 4566<\/p>\n<p>+57 310 779 9782<\/p>\n<p>            <!-- \/.pull-left --><\/p>\n<p>comercial@pramec.co<\/p>\n<p>            <!-- \/.pull-right --><br \/>\n        <!-- \/.container --><br \/>\n    <!-- \/.header-top --><\/p>\n<nav>\n            <!-- Brand and toggle get grouped for better mobile display --><br \/>\n                <button type=\"button\" data-toggle=\"collapse\" data-target=\".main-navigation\" aria-expanded=\"false\"> <\/button><br \/>\n                <a href=\"https:\/\/pramec.co\/fabrica-piezas-metalicas\/\"><img decoding=\"async\" src=\"https:\/\/pramec.co\/fabrica-piezas-metalicas\/wp-content\/uploads\/2021\/04\/logo-pramec.png\" alt=\"Pramec SAS\"><\/a><br \/>\n            <!-- Collect the nav links, forms, and other content for toggling --><\/p>\n<ul>\n<li id=\"menu-item-1680\"><a href=\"https:\/\/pramec.co\/fabrica-piezas-metalicas\/\">Inicio<\/a><\/li>\n<li id=\"menu-item-1879\"><a href=\"https:\/\/pramec.co\/fabrica-piezas-metalicas\/pramec-industria-metalmecanica-colombia\/\">Pramec<\/a><\/li>\n<li id=\"menu-item-1200\"><a href=\"#\">Corte L\u00e1ser<\/a>\n<ul>\n<li id=\"menu-item-1201\"><a href=\"https:\/\/pramec.co\/fabrica-piezas-metalicas\/pramec-corter-laser-de-tubo\/\">Corte Laser de Tubo<\/a><\/li>\n<li id=\"menu-item-1202\"><a href=\"https:\/\/pramec.co\/fabrica-piezas-metalicas\/pramec-corter-laser-de-lamina\/\">Corte Laser de Lamina<\/a><\/li>\n<\/ul>\n<\/li>\n<li id=\"menu-item-1217\"><a href=\"#\">Servicios<\/a>\n<ul>\n<li id=\"menu-item-1975\"><a href=\"https:\/\/pramec.co\/fabrica-piezas-metalicas\/pramec-punzonadora\/\">Punzonado<\/a><\/li>\n<li id=\"menu-item-2121\"><a href=\"https:\/\/pramec.co\/fabrica-piezas-metalicas\/pramec-tornos\/\">Tornos<\/a><\/li>\n<li id=\"menu-item-2209\"><a href=\"https:\/\/pramec.co\/fabrica-piezas-metalicas\/pramec-plegado\/\">Plegado<\/a><\/li>\n<li id=\"menu-item-2248\"><a href=\"https:\/\/pramec.co\/fabrica-piezas-metalicas\/pramec-doblado-tuberia\/\">Doblado de Tuber\u00eda<\/a><\/li>\n<li id=\"menu-item-2296\"><a href=\"https:\/\/pramec.co\/fabrica-piezas-metalicas\/pramec-soldadura\/\">Soldadura<\/a><\/li>\n<li id=\"menu-item-2385\"><a href=\"https:\/\/pramec.co\/fabrica-piezas-metalicas\/troquelado-prensa\/\">Troquelado y Prensa<\/a><\/li>\n<li id=\"menu-item-2403\"><a href=\"https:\/\/pramec.co\/fabrica-piezas-metalicas\/pramec-ensamble-piezas-metalicas\/\">Ensamble<\/a><\/li>\n<li id=\"menu-item-1807\"><a href=\"#\">Corte L\u00e1ser<\/a>\n<ul>\n<li id=\"menu-item-1809\"><a href=\"https:\/\/pramec.co\/fabrica-piezas-metalicas\/pramec-corter-laser-de-lamina\/\">Corte Laser de Lamina<\/a><\/li>\n<li id=\"menu-item-1808\"><a href=\"https:\/\/pramec.co\/fabrica-piezas-metalicas\/pramec-corter-laser-de-tubo\/\">Corte Laser de Tubo<\/a><\/li>\n<\/ul>\n<\/li>\n<li id=\"menu-item-4088\"><a href=\"https:\/\/pramec.co\/fabrica-piezas-metalicas\/troquelado-prensa-3\/\">Plaforizado y proceso<br \/>Pintura electroest\u00e1tica<\/a><\/li>\n<li id=\"menu-item-4107\"><a href=\"https:\/\/pramec.co\/fabrica-piezas-metalicas\/celda-soldadura-mig-aluminio-cr-hr\/\">Celda De Soldadura<br \/>Mig Aluminio, Cr, Hr<\/a><\/li>\n<\/ul>\n<\/li>\n<li id=\"menu-item-3671\"><a href=\"#\">Clientes<\/a>\n<ul>\n<li id=\"menu-item-2533\"><a href=\"https:\/\/pramec.co\/fabrica-piezas-metalicas\/pramec-sector-automotriz\/\">Sector Automotriz<\/a><\/li>\n<li id=\"menu-item-2722\"><a href=\"https:\/\/pramec.co\/fabrica-piezas-metalicas\/pramec-sector-carrocerias\/\">Sector Carrocerias<\/a><\/li>\n<li id=\"menu-item-2721\"><a href=\"https:\/\/pramec.co\/fabrica-piezas-metalicas\/pramec-sector-mobiliario\/\">Sector Mobiliario<\/a><\/li>\n<li id=\"menu-item-2720\"><a href=\"https:\/\/pramec.co\/fabrica-piezas-metalicas\/pramec-sector-motopartista\/\">Sector Motopartista<\/a><\/li>\n<li id=\"menu-item-2719\"><a href=\"https:\/\/pramec.co\/fabrica-piezas-metalicas\/pramec-filtracion-refrigeracion-industrial\/\">Filtraci\u00f3n y Refrigeraci\u00f3n<\/a><\/li>\n<li id=\"menu-item-2718\"><a href=\"https:\/\/pramec.co\/fabrica-piezas-metalicas\/pramec-electrico\/\">Sector El\u00e9ctrico<\/a><\/li>\n<li id=\"menu-item-2717\"><a href=\"https:\/\/pramec.co\/fabrica-piezas-metalicas\/pramec-sector-ingenieria\/\">Sector Ingenier\u00eda<\/a><\/li>\n<\/ul>\n<\/li>\n<li id=\"menu-item-1356\"><a href=\"https:\/\/pramec.co\/fabrica-piezas-metalicas\/contacto-pramec-industria-metalmecanica-bogota-colombia\/\">Contacto<\/a><\/li>\n<\/ul>\n<p>            <!-- \/.navbar-collapse --><br \/>\n                                    <a href=\"#test-search\"><\/a><br \/>\n                                <a href=https:\/\/pramec.co\/fabrica-piezas-metalicas\/contacto-pramec-industria-metalmecanica-bogota-colombia\/  >Cotizar<\/a>            <!-- \/.right-side-box --><br \/>\n        <!-- \/.container --><br \/>\n    <\/nav>\n<\/header>\n<p><!-- \/.header --><\/p>\n<form role=\"search\" method=\"get\" action=\"https:\/\/pramec.co\/fabrica-piezas-metalicas\/\">\n                <input type=\"text\" name=\"s\" placeholder=\"Search for...\"><br \/>\n                    <button type=\"submit\"><\/button><br \/>\n            <\/form>\n<p><button title=\"Close (Esc)\" type=\"button\">\u00d7<\/button><\/p>\n<h2>Plaforizado y proceso de pintura electroest\u00e1tica<\/h2>\n<h2>Pramec<\/h2>\n<h2>Plaforizado<\/h2>\n<h2>Con nuestra planta de plaforizaci\u00f3n con capacidad hasta de 2.5 m x 2.0 m x 2.0 tenemos posibilidad de garantizar el mismo proceso de pretratamiento en piezas de dimensiones mayores, o de una mayor cantidad de piezas peque\u00f1as. Aumentando productividad sin sacrificar par\u00e1metros de calidad.<\/h2>\n<p>\t\t\t\t\t\t\t\t\t\t\t\t\t\t\t<img fetchpriority=\"high\" decoding=\"async\" width=\"500\" height=\"442\" src=\"https:\/\/pramec.co\/fabrica-piezas-metalicas\/wp-content\/uploads\/2024\/04\/plaforizado.jpg\" alt=\"Plaforizado\" srcset=\"https:\/\/pramec.co\/fabrica-piezas-metalicas\/wp-content\/uploads\/2024\/04\/plaforizado.jpg 500w, https:\/\/pramec.co\/fabrica-piezas-metalicas\/wp-content\/uploads\/2024\/04\/plaforizado-300x265.jpg 300w\" sizes=\"(max-width: 500px) 100vw, 500px\" \/><br \/>\n\t\t\t\t\t\t\t\t\t\t\t\t\t\t\t<img decoding=\"async\" width=\"500\" height=\"442\" src=\"https:\/\/pramec.co\/fabrica-piezas-metalicas\/wp-content\/uploads\/2024\/04\/pintura-electrostatica.jpg\" alt=\"Proceso de pintura electroest\u00e1tica\" srcset=\"https:\/\/pramec.co\/fabrica-piezas-metalicas\/wp-content\/uploads\/2024\/04\/pintura-electrostatica.jpg 500w, https:\/\/pramec.co\/fabrica-piezas-metalicas\/wp-content\/uploads\/2024\/04\/pintura-electrostatica-300x265.jpg 300w\" sizes=\"(max-width: 500px) 100vw, 500px\" \/>\t\t\t\t\t\t\t\t\t\t\t\t\t\t\t<\/p>\n<h2>Proceso<\/h2>\n<h2>Pintura Electroest\u00e1tica<\/h2>\n<h2>La calidad de nuestra planta de pintura nos permite garantizar a nuestros clientes hasta 1300 horas de c\u00e1mara salina, trabajando piezas hasta de 3 mts de longitud en diversidad de colores. <\/h2>\n<h3>Requiere Plaforizado y Proceso de Pintura Electroest\u00e1tica<\/h3>\n<p>\t\t<a href=\"https:\/\/pramec.co\/fabrica-piezas-metalicas\/contacto-pramec-industria-metalmecanica-bogota-colombia\/\"><br \/>\n                        Cont\u00e1ctenos<br \/>\n        \t\t<\/a><\/p>\n<figure class='gallery-item'>\n\t\t\t\t<a data-elementor-open-lightbox=\"yes\" data-elementor-lightbox-slideshow=\"b554ac9\" data-elementor-lightbox-title=\"pintura-electroestatica-pramec-2\" data-e-action-hash=\"#elementor-action%3Aaction%3Dlightbox%26settings%3DeyJpZCI6NDA3NywidXJsIjoiaHR0cHM6XC9cL3ByYW1lYy5jb1wvZmFicmljYS1waWV6YXMtbWV0YWxpY2FzXC93cC1jb250ZW50XC91cGxvYWRzXC8yMDI0XC8wNFwvcGludHVyYS1lbGVjdHJvZXN0YXRpY2EtcHJhbWVjLTIuanBnIiwic2xpZGVzaG93IjoiYjU1NGFjOSJ9\" href='https:\/\/pramec.co\/fabrica-piezas-metalicas\/wp-content\/uploads\/2024\/04\/pintura-electroestatica-pramec-2.jpg'><img width=\"150\" height=\"150\" src=\"https:\/\/pramec.co\/fabrica-piezas-metalicas\/wp-content\/uploads\/2024\/04\/pintura-electroestatica-pramec-2-150x150.jpg\" alt=\"pintura electroest\u00e1tica\" decoding=\"async\" \/><\/a><br \/>\n\t\t\t<\/figure>\n<figure class='gallery-item'>\n\t\t\t\t<a data-elementor-open-lightbox=\"yes\" data-elementor-lightbox-slideshow=\"b554ac9\" data-elementor-lightbox-title=\"pintura-electroestatica-pramec-3\" data-e-action-hash=\"#elementor-action%3Aaction%3Dlightbox%26settings%3DeyJpZCI6NDA3OCwidXJsIjoiaHR0cHM6XC9cL3ByYW1lYy5jb1wvZmFicmljYS1waWV6YXMtbWV0YWxpY2FzXC93cC1jb250ZW50XC91cGxvYWRzXC8yMDI0XC8wNFwvcGludHVyYS1lbGVjdHJvZXN0YXRpY2EtcHJhbWVjLTMuanBnIiwic2xpZGVzaG93IjoiYjU1NGFjOSJ9\" href='https:\/\/pramec.co\/fabrica-piezas-metalicas\/wp-content\/uploads\/2024\/04\/pintura-electroestatica-pramec-3.jpg'><img loading=\"lazy\" width=\"150\" height=\"150\" src=\"https:\/\/pramec.co\/fabrica-piezas-metalicas\/wp-content\/uploads\/2024\/04\/pintura-electroestatica-pramec-3-150x150.jpg\" alt=\"pintura electroest\u00e1tica\" decoding=\"async\" \/><\/a><br \/>\n\t\t\t<\/figure>\n<figure class='gallery-item'>\n\t\t\t\t<a data-elementor-open-lightbox=\"yes\" data-elementor-lightbox-slideshow=\"b554ac9\" data-elementor-lightbox-title=\"pintura-electroestatica-pramec-4\" data-e-action-hash=\"#elementor-action%3Aaction%3Dlightbox%26settings%3DeyJpZCI6NDA3OSwidXJsIjoiaHR0cHM6XC9cL3ByYW1lYy5jb1wvZmFicmljYS1waWV6YXMtbWV0YWxpY2FzXC93cC1jb250ZW50XC91cGxvYWRzXC8yMDI0XC8wNFwvcGludHVyYS1lbGVjdHJvZXN0YXRpY2EtcHJhbWVjLTQuanBnIiwic2xpZGVzaG93IjoiYjU1NGFjOSJ9\" href='https:\/\/pramec.co\/fabrica-piezas-metalicas\/wp-content\/uploads\/2024\/04\/pintura-electroestatica-pramec-4.jpg'><img loading=\"lazy\" width=\"150\" height=\"150\" src=\"https:\/\/pramec.co\/fabrica-piezas-metalicas\/wp-content\/uploads\/2024\/04\/pintura-electroestatica-pramec-4-150x150.jpg\" alt=\"pintura electroest\u00e1tica\" decoding=\"async\" \/><\/a><br \/>\n\t\t\t<\/figure>\n<figure class='gallery-item'>\n\t\t\t\t<a data-elementor-open-lightbox=\"yes\" data-elementor-lightbox-slideshow=\"b554ac9\" data-elementor-lightbox-title=\"pintura-electroestatica-pramec-5\" data-e-action-hash=\"#elementor-action%3Aaction%3Dlightbox%26settings%3DeyJpZCI6NDA4MCwidXJsIjoiaHR0cHM6XC9cL3ByYW1lYy5jb1wvZmFicmljYS1waWV6YXMtbWV0YWxpY2FzXC93cC1jb250ZW50XC91cGxvYWRzXC8yMDI0XC8wNFwvcGludHVyYS1lbGVjdHJvZXN0YXRpY2EtcHJhbWVjLTUuanBnIiwic2xpZGVzaG93IjoiYjU1NGFjOSJ9\" href='https:\/\/pramec.co\/fabrica-piezas-metalicas\/wp-content\/uploads\/2024\/04\/pintura-electroestatica-pramec-5.jpg'><img loading=\"lazy\" width=\"150\" height=\"150\" src=\"https:\/\/pramec.co\/fabrica-piezas-metalicas\/wp-content\/uploads\/2024\/04\/pintura-electroestatica-pramec-5-150x150.jpg\" alt=\"pintura electroest\u00e1tica\" decoding=\"async\" \/><\/a><br \/>\n\t\t\t<\/figure>\n<figure class='gallery-item'>\n\t\t\t\t<a data-elementor-open-lightbox=\"yes\" data-elementor-lightbox-slideshow=\"b554ac9\" data-elementor-lightbox-title=\"pintura-electroestatica-pramec-6\" data-e-action-hash=\"#elementor-action%3Aaction%3Dlightbox%26settings%3DeyJpZCI6NDA4MSwidXJsIjoiaHR0cHM6XC9cL3ByYW1lYy5jb1wvZmFicmljYS1waWV6YXMtbWV0YWxpY2FzXC93cC1jb250ZW50XC91cGxvYWRzXC8yMDI0XC8wNFwvcGludHVyYS1lbGVjdHJvZXN0YXRpY2EtcHJhbWVjLTYuanBnIiwic2xpZGVzaG93IjoiYjU1NGFjOSJ9\" href='https:\/\/pramec.co\/fabrica-piezas-metalicas\/wp-content\/uploads\/2024\/04\/pintura-electroestatica-pramec-6.jpg'><img loading=\"lazy\" width=\"150\" height=\"150\" src=\"https:\/\/pramec.co\/fabrica-piezas-metalicas\/wp-content\/uploads\/2024\/04\/pintura-electroestatica-pramec-6-150x150.jpg\" alt=\"pintura electroest\u00e1tica\" decoding=\"async\" \/><\/a><br \/>\n\t\t\t<\/figure>\n<figure class='gallery-item'>\n\t\t\t\t<a data-elementor-open-lightbox=\"yes\" data-elementor-lightbox-slideshow=\"b554ac9\" data-elementor-lightbox-title=\"pintura-electroestatica-pramec-7\" data-e-action-hash=\"#elementor-action%3Aaction%3Dlightbox%26settings%3DeyJpZCI6NDA4MiwidXJsIjoiaHR0cHM6XC9cL3ByYW1lYy5jb1wvZmFicmljYS1waWV6YXMtbWV0YWxpY2FzXC93cC1jb250ZW50XC91cGxvYWRzXC8yMDI0XC8wNFwvcGludHVyYS1lbGVjdHJvZXN0YXRpY2EtcHJhbWVjLTcuanBnIiwic2xpZGVzaG93IjoiYjU1NGFjOSJ9\" href='https:\/\/pramec.co\/fabrica-piezas-metalicas\/wp-content\/uploads\/2024\/04\/pintura-electroestatica-pramec-7.jpg'><img loading=\"lazy\" width=\"150\" height=\"150\" src=\"https:\/\/pramec.co\/fabrica-piezas-metalicas\/wp-content\/uploads\/2024\/04\/pintura-electroestatica-pramec-7-150x150.jpg\" alt=\"pintura electroest\u00e1tica\" decoding=\"async\" \/><\/a><br \/>\n\t\t\t<\/figure>\n<figure class='gallery-item'>\n\t\t\t\t<a data-elementor-open-lightbox=\"yes\" data-elementor-lightbox-slideshow=\"b554ac9\" data-elementor-lightbox-title=\"plaforizado-pramec\" data-e-action-hash=\"#elementor-action%3Aaction%3Dlightbox%26settings%3DeyJpZCI6NDA4MywidXJsIjoiaHR0cHM6XC9cL3ByYW1lYy5jb1wvZmFicmljYS1waWV6YXMtbWV0YWxpY2FzXC93cC1jb250ZW50XC91cGxvYWRzXC8yMDI0XC8wNFwvcGxhZm9yaXphZG8tcHJhbWVjLmpwZyIsInNsaWRlc2hvdyI6ImI1NTRhYzkifQ%3D%3D\" href='https:\/\/pramec.co\/fabrica-piezas-metalicas\/wp-content\/uploads\/2024\/04\/plaforizado-pramec.jpg'><img loading=\"lazy\" width=\"150\" height=\"150\" src=\"https:\/\/pramec.co\/fabrica-piezas-metalicas\/wp-content\/uploads\/2024\/04\/plaforizado-pramec-150x150.jpg\" alt=\"Plaforizado\" decoding=\"async\" \/><\/a><br \/>\n\t\t\t<\/figure>\n<figure class='gallery-item'>\n\t\t\t\t<a data-elementor-open-lightbox=\"yes\" data-elementor-lightbox-slideshow=\"b554ac9\" data-elementor-lightbox-title=\"plaforizado-pramec-2\" data-e-action-hash=\"#elementor-action%3Aaction%3Dlightbox%26settings%3DeyJpZCI6NDA4NCwidXJsIjoiaHR0cHM6XC9cL3ByYW1lYy5jb1wvZmFicmljYS1waWV6YXMtbWV0YWxpY2FzXC93cC1jb250ZW50XC91cGxvYWRzXC8yMDI0XC8wNFwvcGxhZm9yaXphZG8tcHJhbWVjLTIuanBnIiwic2xpZGVzaG93IjoiYjU1NGFjOSJ9\" href='https:\/\/pramec.co\/fabrica-piezas-metalicas\/wp-content\/uploads\/2024\/04\/plaforizado-pramec-2.jpg'><img loading=\"lazy\" width=\"150\" height=\"150\" src=\"https:\/\/pramec.co\/fabrica-piezas-metalicas\/wp-content\/uploads\/2024\/04\/plaforizado-pramec-2-150x150.jpg\" alt=\"Plaforizado\" decoding=\"async\" \/><\/a><br \/>\n\t\t\t<\/figure>\n<p>                <img loading=\"lazy\" width=\"500\" height=\"442\" src=\"https:\/\/pramec.co\/fabrica-piezas-metalicas\/wp-content\/uploads\/2024\/04\/plaforizado.jpg\" alt=\"Plaforizado\" decoding=\"async\" srcset=\"https:\/\/pramec.co\/fabrica-piezas-metalicas\/wp-content\/uploads\/2024\/04\/plaforizado.jpg 500w, https:\/\/pramec.co\/fabrica-piezas-metalicas\/wp-content\/uploads\/2024\/04\/plaforizado-300x265.jpg 300w\" sizes=\"(max-width: 500px) 100vw, 500px\" \/><br \/>\n                <a href=\"https:\/\/www.youtube.com\/embed\/l9G0cNgLF4U\" data-featherlight=\"iframe\" data-featherlight-iframe-width=\"960\" data-featherlight-iframe-height=\"540\"><br \/>\n                <\/a><\/p>\n<h2>Tienes un Proyecto ?<\/h2>\n<p><em>Ingresa tus datos en el formulario<\/em>, la versatilidad y precisi\u00f3n de nuestras m\u00e1quinas con tecnolog\u00eda de punta, nos permite realizar proyectos en tiempos razonables, ofreciendo las mejores alternativas de fabricaci\u00f3n con un m\u00e1ximo aprovechamiento de material, lo cual se traduce en precios muy competitivos.<\/p>\n<p role=\"status\" aria-live=\"polite\" aria-atomic=\"true\">\n<ul><\/ul>\n<form action=\"\/fabrica-piezas-metalicas\/wp-admin\/admin-ajax.php#wpcf7-f1105-o1\" method=\"post\" aria-label=\"Contact form\" novalidate=\"novalidate\" data-status=\"init\">\n<fieldset><input type=\"hidden\" name=\"_wpcf7\" value=\"1105\" \/><input type=\"hidden\" name=\"_wpcf7_version\" value=\"6.1.1\" \/><input type=\"hidden\" name=\"_wpcf7_locale\" value=\"en_US\" \/><input type=\"hidden\" name=\"_wpcf7_unit_tag\" value=\"wpcf7-f1105-o1\" \/><input type=\"hidden\" name=\"_wpcf7_container_post\" value=\"0\" \/><input type=\"hidden\" name=\"_wpcf7_posted_data_hash\" value=\"\" \/><br \/>\n<\/fieldset>\n<p><label> Nombre<\/label><br \/>\n<input size=\"40\" maxlength=\"400\" aria-required=\"true\" aria-invalid=\"false\" value=\"\" type=\"text\" name=\"text-819\" \/><br \/>\n<label> Tel\u00e9fono<\/label><br \/>\n    <input size=\"40\" maxlength=\"400\" aria-required=\"true\" aria-invalid=\"false\" value=\"\" type=\"tel\" name=\"tel-150\" \/><br \/>\n<label> Email*<\/label><br \/>\n   <input size=\"40\" maxlength=\"400\" aria-invalid=\"false\" value=\"\" type=\"email\" name=\"email-646\" \/><br \/>\n<label> Empresa*<\/label><br \/>\n    <input size=\"40\" maxlength=\"400\" aria-invalid=\"false\" value=\"\" type=\"text\" name=\"text-956\" \/><br \/>\n<label> C\u00f3mo podemos ayudarle?*<\/label><br \/>\n    <textarea cols=\"40\" rows=\"10\" maxlength=\"2000\" aria-required=\"true\" aria-invalid=\"false\" name=\"textarea-403\"><\/textarea><br \/>\n<label>Resuelve <\/label><br \/>\n<input type=\"submit\" value=\"Enviar\" \/><br \/>\n<\/form>\n<p>\t\t\t\t\t\t\t\t\t\t\t\t\t\t\t\t<a href=\"https:\/\/www.pramec.co\"><br \/>\n\t\t\t\t\t\t\t<img loading=\"lazy\" decoding=\"async\" width=\"275\" height=\"71\" src=\"https:\/\/pramec.co\/fabrica-piezas-metalicas\/wp-content\/uploads\/2021\/04\/logo-pramec-3.png\" alt=\"Logo Pramec\" \/>\t\t\t\t\t\t\t\t<\/a><\/p>\n<p>Somos una empresa metalmec\u00e1nica fundada en 1979, desde nuestros inicios hemos sido parte importante para el desarrollo de la industria automotriz y de motocicletas.<\/p>\n<p>\u00a0<\/p>\n<p><a href=\"https:\/\/www.facebook.com\/pramec\" target=\"_blank\" rel=\"noopener\"><img loading=\"lazy\" decoding=\"async\" src=\"https:\/\/pramec.co\/fabrica-piezas-metalicas\/wp-content\/uploads\/2021\/04\/facebook-pramec-2.png\" alt=\"Facebook Pramec\" width=\"35\" height=\"35\" \/><\/a> \u00a0 <a href=\"https:\/\/www.instagram.com\/pramecsas\/\" target=\"_blank\" rel=\"noopener\"><img loading=\"lazy\" decoding=\"async\" src=\"https:\/\/pramec.co\/fabrica-piezas-metalicas\/wp-content\/uploads\/2021\/04\/instagram-pramec-2.png\" alt=\"Instagram Pramec\" width=\"35\" height=\"35\" \/><\/a> \u00a0 <a href=\"https:\/\/www.linkedin.com\/company\/pramec\/\" target=\"_blank\" rel=\"noopener\"><img loading=\"lazy\" decoding=\"async\" src=\"https:\/\/pramec.co\/fabrica-piezas-metalicas\/wp-content\/uploads\/2021\/04\/linkedin-pramec-2.png\" alt=\"Linkedin Pramec\" width=\"35\" height=\"35\" \/><\/a><\/p>\n<ul id=\"menu-productos-1\">\n<li id=\"menu-item-3697\"><a href=\"https:\/\/pramec.co\/fabrica-piezas-metalicas\/pramec-corter-laser-de-tubo\/\">Corte Laser de Tubo<\/a><\/li>\n<li id=\"menu-item-3696\"><a href=\"https:\/\/pramec.co\/fabrica-piezas-metalicas\/pramec-corter-laser-de-lamina\/\">Corte Laser de Lamina<\/a><\/li>\n<li id=\"menu-item-3693\"><a href=\"https:\/\/pramec.co\/fabrica-piezas-metalicas\/pramec-plegado\/\">Plegado<\/a><\/li>\n<li id=\"menu-item-3694\"><a href=\"https:\/\/pramec.co\/fabrica-piezas-metalicas\/pramec-tornos\/\">tornos<\/a><\/li>\n<li id=\"menu-item-3695\"><a href=\"https:\/\/pramec.co\/fabrica-piezas-metalicas\/pramec-punzonadora\/\">Punzonado<\/a><\/li>\n<\/ul>\n<ul id=\"menu-productos-2\">\n<li id=\"menu-item-2824\"><a href=\"https:\/\/pramec.co\/fabrica-piezas-metalicas\/pramec-doblado-tuberia\/\">Doblado de Tuber\u00eda<\/a><\/li>\n<li id=\"menu-item-2825\"><a href=\"https:\/\/pramec.co\/fabrica-piezas-metalicas\/pramec-soldadura\/\">Soldadura<\/a><\/li>\n<li id=\"menu-item-2826\"><a href=\"https:\/\/pramec.co\/fabrica-piezas-metalicas\/troquelado-prensa\/\">troquelado y prensa<\/a><\/li>\n<li id=\"menu-item-2827\"><a href=\"https:\/\/pramec.co\/fabrica-piezas-metalicas\/pramec-ensamble-piezas-metalicas\/\">Ensamble<\/a><\/li>\n<li id=\"menu-item-3090\"><a href=\"https:\/\/pramec.co\/fabrica-piezas-metalicas\/pramec-ensamble-piezas-metalicas-2\/\">Blog Pramec SAS<\/a><\/li>\n<\/ul>\n<h2>Portafolios<\/h2>\n<p>\t\t\t\t\t\t\t\t\t\t\t\t\t\t\t\t<a href=\"https:\/\/pramec.co\/fabrica-piezas-metalicas\/wp-content\/uploads\/2021\/06\/brochure-pramec.pdf\" target=\"_blank\"><br \/>\n\t\t\t\t\t\t\t<img decoding=\"async\" src=\"https:\/\/pramec.co\/fabrica-piezas-metalicas\/wp-content\/uploads\/elementor\/thumbs\/brochure-pramec-2-2-p6cq5ppnurzdfqm19u12zm7tmf6mz2vhuiiy0nxl34.png\" title=\"brochure-pramec-2\" alt=\"Portafolio Pramec\" loading=\"lazy\" \/>\t\t\t\t\t\t\t\t<\/a><br \/>\n\t\t\t\t\t\t\t\t\t\t\t\t\t\t\t\t<a href=\"https:\/\/pramec.co\/fabrica-piezas-metalicas\/wp-content\/uploads\/2021\/06\/portafolio-pramec-tecnico.pdf\" target=\"_blank\"><br \/>\n\t\t\t\t\t\t\t<img decoding=\"async\" src=\"https:\/\/pramec.co\/fabrica-piezas-metalicas\/wp-content\/uploads\/elementor\/thumbs\/brochure-pramec-2-1-p65cxqs9wpj4enkkpo6ac0id5zwwuc3f4g6y5ksxds.png\" title=\"brochure-pramec-2\" alt=\"brochure-pramec-2\" loading=\"lazy\" \/>\t\t\t\t\t\t\t\t<\/a><\/p>\n<p>2025 \u00a9 Derechos reservados Pramec S.A.S.<\/p>\n<ul id=\"menu-footer-pramec\">\n<li id=\"menu-item-1229\"><a href=\"https:\/\/pramec.co\/fabrica-piezas-metalicas\/pramec-industria-metalmecanica-colombia\/\">Pramec<\/a><\/li>\n<li id=\"menu-item-1230\"><a href=\"#\">Politicas Pramec<\/a><\/li>\n<\/ul>\n","protected":false},"excerpt":{"rendered":"<p>+ 57 601 756 4566 +57 310 779 9782 comercial@pramec.co Inicio Pramec Corte L\u00e1ser Corte Laser de Tubo Corte Laser de Lamina Servicios Punzonado Tornos Plegado Doblado de Tuber\u00eda Soldadura Troquelado y Prensa Ensamble Corte L\u00e1ser Corte Laser de Lamina Corte Laser de Tubo Plaforizado y procesoPintura electroest\u00e1tica Celda De SoldaduraMig Aluminio, Cr, Hr Clientes [&hellip;]<\/p>\n","protected":false},"author":1,"featured_media":0,"parent":0,"menu_order":0,"comment_status":"closed","ping_status":"closed","template":"page-builder.php","meta":{"footnotes":""},"class_list":["post-4031","page","type-page","status-publish","hentry"],"translation":{"provider":"WPGlobus","version":"3.0.0","language":"es","enabled_languages":["es","en"],"languages":{"es":{"title":true,"content":true,"excerpt":false},"en":{"title":true,"content":true,"excerpt":false}}},"_links":{"self":[{"href":"https:\/\/pramec.co\/fabrica-piezas-metalicas\/wp-json\/wp\/v2\/pages\/4031","targetHints":{"allow":["GET"]}}],"collection":[{"href":"https:\/\/pramec.co\/fabrica-piezas-metalicas\/wp-json\/wp\/v2\/pages"}],"about":[{"href":"https:\/\/pramec.co\/fabrica-piezas-metalicas\/wp-json\/wp\/v2\/types\/page"}],"author":[{"embeddable":true,"href":"https:\/\/pramec.co\/fabrica-piezas-metalicas\/wp-json\/wp\/v2\/users\/1"}],"replies":[{"embeddable":true,"href":"https:\/\/pramec.co\/fabrica-piezas-metalicas\/wp-json\/wp\/v2\/comments?post=4031"}],"version-history":[{"count":55,"href":"https:\/\/pramec.co\/fabrica-piezas-metalicas\/wp-json\/wp\/v2\/pages\/4031\/revisions"}],"predecessor-version":[{"id":5025,"href":"https:\/\/pramec.co\/fabrica-piezas-metalicas\/wp-json\/wp\/v2\/pages\/4031\/revisions\/5025"}],"wp:attachment":[{"href":"https:\/\/pramec.co\/fabrica-piezas-metalicas\/wp-json\/wp\/v2\/media?parent=4031"}],"curies":[{"name":"wp","href":"https:\/\/api.w.org\/{rel}","templated":true}]}}