{"id":2249,"date":"2021-07-07T23:12:21","date_gmt":"2021-07-07T23:12:21","guid":{"rendered":"https:\/\/pramec.co\/fabrica-piezas-metalicas\/?page_id=2249"},"modified":"2025-09-26T17:44:19","modified_gmt":"2025-09-26T17:44:19","slug":"pramec-soldadura","status":"publish","type":"page","link":"https:\/\/pramec.co\/fabrica-piezas-metalicas\/pramec-soldadura\/","title":{"rendered":"Soldadura"},"content":{"rendered":"<header>\n<p>+ 57 601 756 4566<\/p>\n<p>+57 310 779 9782<\/p>\n<p>            <!-- \/.pull-left --><\/p>\n<p>comercial@pramec.co<\/p>\n<p>            <!-- \/.pull-right --><br \/>\n        <!-- \/.container --><br \/>\n    <!-- \/.header-top --><\/p>\n<nav>\n            <!-- Brand and toggle get grouped for better mobile display --><br \/>\n                <button type=\"button\" data-toggle=\"collapse\" data-target=\".main-navigation\" aria-expanded=\"false\"> <\/button><br \/>\n                <a href=\"https:\/\/pramec.co\/fabrica-piezas-metalicas\/\"><img decoding=\"async\" src=\"https:\/\/pramec.co\/fabrica-piezas-metalicas\/wp-content\/uploads\/2021\/04\/logo-pramec.png\" alt=\"Pramec SAS\"><\/a><br \/>\n            <!-- Collect the nav links, forms, and other content for toggling --><\/p>\n<ul>\n<li id=\"menu-item-1680\"><a href=\"https:\/\/pramec.co\/fabrica-piezas-metalicas\/\">Inicio<\/a><\/li>\n<li id=\"menu-item-1879\"><a href=\"https:\/\/pramec.co\/fabrica-piezas-metalicas\/pramec-industria-metalmecanica-colombia\/\">Pramec<\/a><\/li>\n<li id=\"menu-item-1200\"><a href=\"#\">Corte L\u00e1ser<\/a>\n<ul>\n<li id=\"menu-item-1201\"><a href=\"https:\/\/pramec.co\/fabrica-piezas-metalicas\/pramec-corter-laser-de-tubo\/\">Corte Laser de Tubo<\/a><\/li>\n<li id=\"menu-item-1202\"><a href=\"https:\/\/pramec.co\/fabrica-piezas-metalicas\/pramec-corter-laser-de-lamina\/\">Corte Laser de Lamina<\/a><\/li>\n<\/ul>\n<\/li>\n<li id=\"menu-item-1217\"><a href=\"#\">Servicios<\/a>\n<ul>\n<li id=\"menu-item-1975\"><a href=\"https:\/\/pramec.co\/fabrica-piezas-metalicas\/pramec-punzonadora\/\">Punzonado<\/a><\/li>\n<li id=\"menu-item-2121\"><a href=\"https:\/\/pramec.co\/fabrica-piezas-metalicas\/pramec-tornos\/\">Tornos<\/a><\/li>\n<li id=\"menu-item-2209\"><a href=\"https:\/\/pramec.co\/fabrica-piezas-metalicas\/pramec-plegado\/\">Plegado<\/a><\/li>\n<li id=\"menu-item-2248\"><a href=\"https:\/\/pramec.co\/fabrica-piezas-metalicas\/pramec-doblado-tuberia\/\">Doblado de Tuber\u00eda<\/a><\/li>\n<li id=\"menu-item-2296\"><a href=\"https:\/\/pramec.co\/fabrica-piezas-metalicas\/pramec-soldadura\/\">Soldadura<\/a><\/li>\n<li id=\"menu-item-2385\"><a href=\"https:\/\/pramec.co\/fabrica-piezas-metalicas\/troquelado-prensa\/\">Troquelado y Prensa<\/a><\/li>\n<li id=\"menu-item-2403\"><a href=\"https:\/\/pramec.co\/fabrica-piezas-metalicas\/pramec-ensamble-piezas-metalicas\/\">Ensamble<\/a><\/li>\n<li id=\"menu-item-1807\"><a href=\"#\">Corte L\u00e1ser<\/a>\n<ul>\n<li id=\"menu-item-1809\"><a href=\"https:\/\/pramec.co\/fabrica-piezas-metalicas\/pramec-corter-laser-de-lamina\/\">Corte Laser de Lamina<\/a><\/li>\n<li id=\"menu-item-1808\"><a href=\"https:\/\/pramec.co\/fabrica-piezas-metalicas\/pramec-corter-laser-de-tubo\/\">Corte Laser de Tubo<\/a><\/li>\n<\/ul>\n<\/li>\n<li id=\"menu-item-4088\"><a href=\"https:\/\/pramec.co\/fabrica-piezas-metalicas\/troquelado-prensa-3\/\">Plaforizado y proceso<br \/>Pintura electroest\u00e1tica<\/a><\/li>\n<li id=\"menu-item-4107\"><a href=\"https:\/\/pramec.co\/fabrica-piezas-metalicas\/celda-soldadura-mig-aluminio-cr-hr\/\">Celda De Soldadura<br \/>Mig Aluminio, Cr, Hr<\/a><\/li>\n<\/ul>\n<\/li>\n<li id=\"menu-item-3671\"><a href=\"#\">Clientes<\/a>\n<ul>\n<li id=\"menu-item-2533\"><a href=\"https:\/\/pramec.co\/fabrica-piezas-metalicas\/pramec-sector-automotriz\/\">Sector Automotriz<\/a><\/li>\n<li id=\"menu-item-2722\"><a href=\"https:\/\/pramec.co\/fabrica-piezas-metalicas\/pramec-sector-carrocerias\/\">Sector Carrocerias<\/a><\/li>\n<li id=\"menu-item-2721\"><a href=\"https:\/\/pramec.co\/fabrica-piezas-metalicas\/pramec-sector-mobiliario\/\">Sector Mobiliario<\/a><\/li>\n<li id=\"menu-item-2720\"><a href=\"https:\/\/pramec.co\/fabrica-piezas-metalicas\/pramec-sector-motopartista\/\">Sector Motopartista<\/a><\/li>\n<li id=\"menu-item-2719\"><a href=\"https:\/\/pramec.co\/fabrica-piezas-metalicas\/pramec-filtracion-refrigeracion-industrial\/\">Filtraci\u00f3n y Refrigeraci\u00f3n<\/a><\/li>\n<li id=\"menu-item-2718\"><a href=\"https:\/\/pramec.co\/fabrica-piezas-metalicas\/pramec-electrico\/\">Sector El\u00e9ctrico<\/a><\/li>\n<li id=\"menu-item-2717\"><a href=\"https:\/\/pramec.co\/fabrica-piezas-metalicas\/pramec-sector-ingenieria\/\">Sector Ingenier\u00eda<\/a><\/li>\n<\/ul>\n<\/li>\n<li id=\"menu-item-1356\"><a href=\"https:\/\/pramec.co\/fabrica-piezas-metalicas\/contacto-pramec-industria-metalmecanica-bogota-colombia\/\">Contacto<\/a><\/li>\n<\/ul>\n<p>            <!-- \/.navbar-collapse --><br \/>\n                                    <a href=\"#test-search\"><\/a><br \/>\n                                <a href=https:\/\/pramec.co\/fabrica-piezas-metalicas\/contacto-pramec-industria-metalmecanica-bogota-colombia\/  >Cotizar<\/a>            <!-- \/.right-side-box --><br \/>\n        <!-- \/.container --><br \/>\n    <\/nav>\n<\/header>\n<p><!-- \/.header --><\/p>\n<form role=\"search\" method=\"get\" action=\"https:\/\/pramec.co\/fabrica-piezas-metalicas\/\">\n                <input type=\"text\" name=\"s\" placeholder=\"Search for...\"><br \/>\n                    <button type=\"submit\"><\/button><br \/>\n            <\/form>\n<p><button title=\"Close (Esc)\" type=\"button\">\u00d7<\/button><\/p>\n<h2>Soldadura<\/h2>\n<h2>Pramec<\/h2>\n<h2>Soldadura<\/h2>\n<h2>La mayor\u00eda de desarrollos metalmec\u00e1nicos dependen de la calidad y agilidad en el proceso de soldadura. En Pramec disponemos de una celda de soldadura Truarc Weld 1000, 8 estaciones de soldadura MIG, 1 equipo de soldadura TIG y equipos para soldadura de punto. <\/p>\n<p>Adem\u00e1s de los procesos normales de soldadura, nuestra Truarc Weld 1000 nos mantiene a la vanguardia en proceso de uni\u00f3n y ensamble metalmec\u00e1nicos. <\/h2>\n<p>\t\t\t\t\t\t\t\t\t\t\t\t\t\t\t<img fetchpriority=\"high\" decoding=\"async\" width=\"567\" height=\"527\" src=\"https:\/\/pramec.co\/fabrica-piezas-metalicas\/wp-content\/uploads\/2021\/07\/soldadura-metalmecanica-bogota-colombia-5.jpg\" alt=\"Soldadura metalmecanico\" srcset=\"https:\/\/pramec.co\/fabrica-piezas-metalicas\/wp-content\/uploads\/2021\/07\/soldadura-metalmecanica-bogota-colombia-5.jpg 567w, https:\/\/pramec.co\/fabrica-piezas-metalicas\/wp-content\/uploads\/2021\/07\/soldadura-metalmecanica-bogota-colombia-5-300x279.jpg 300w\" sizes=\"(max-width: 567px) 100vw, 567px\" \/>\t\t\t\t\t\t\t\t\t\t\t\t\t\t\t<\/p>\n<h3>8 estaciones de soldadura MIG<br \/>Equipo de soldadura TIG<br \/>Equipos para soldadura de punto.<\/h3>\n<p>\t\t<a href=\"https:\/\/pramec.co\/fabrica-piezas-metalicas\/contacto-pramec-industria-metalmecanica-bogota-colombia\/\"><br \/>\n                        Cont\u00e1ctenos<br \/>\n        \t\t<\/a><\/p>\n<figure class='gallery-item'>\n\t\t\t\t<a data-elementor-open-lightbox=\"yes\" data-elementor-lightbox-slideshow=\"58fbdfe\" data-elementor-lightbox-title=\"DSC05249\" data-e-action-hash=\"#elementor-action%3Aaction%3Dlightbox%26settings%3DeyJpZCI6Mzk5OCwidXJsIjoiaHR0cHM6XC9cL3ByYW1lYy5jb1wvZmFicmljYS1waWV6YXMtbWV0YWxpY2FzXC93cC1jb250ZW50XC91cGxvYWRzXC8yMDIzXC8wMlwvRFNDMDUyNDktMS1zY2FsZWQuanBnIiwic2xpZGVzaG93IjoiNThmYmRmZSJ9\" href='https:\/\/pramec.co\/fabrica-piezas-metalicas\/wp-content\/uploads\/2023\/02\/DSC05249-1-scaled.jpg'><img width=\"150\" height=\"150\" src=\"https:\/\/pramec.co\/fabrica-piezas-metalicas\/wp-content\/uploads\/2023\/02\/DSC05249-1-150x150.jpg\" alt=\"\" aria-describedby=\"gallery-1-3998\" decoding=\"async\" \/><\/a><figcaption class='wp-caption-text gallery-caption' id='gallery-1-3998'>\n\t\t\t\tTruarc Weld 1000<br \/>\n\t\t\t\t<\/figcaption><\/figure>\n<figure class='gallery-item'>\n\t\t\t\t<a data-elementor-open-lightbox=\"yes\" data-elementor-lightbox-slideshow=\"58fbdfe\" data-elementor-lightbox-title=\"DSC05251\" data-e-action-hash=\"#elementor-action%3Aaction%3Dlightbox%26settings%3DeyJpZCI6Mzk5NywidXJsIjoiaHR0cHM6XC9cL3ByYW1lYy5jb1wvZmFicmljYS1waWV6YXMtbWV0YWxpY2FzXC93cC1jb250ZW50XC91cGxvYWRzXC8yMDIzXC8wMlwvRFNDMDUyNTEtMS1zY2FsZWQuanBnIiwic2xpZGVzaG93IjoiNThmYmRmZSJ9\" href='https:\/\/pramec.co\/fabrica-piezas-metalicas\/wp-content\/uploads\/2023\/02\/DSC05251-1-scaled.jpg'><img width=\"150\" height=\"150\" src=\"https:\/\/pramec.co\/fabrica-piezas-metalicas\/wp-content\/uploads\/2023\/02\/DSC05251-1-150x150.jpg\" alt=\"\" aria-describedby=\"gallery-1-3997\" decoding=\"async\" \/><\/a><figcaption class='wp-caption-text gallery-caption' id='gallery-1-3997'>\n\t\t\t\tTruarc Weld 1000<br \/>\n\t\t\t\t<\/figcaption><\/figure>\n<figure class='gallery-item'>\n\t\t\t\t<a data-elementor-open-lightbox=\"yes\" data-elementor-lightbox-slideshow=\"58fbdfe\" data-elementor-lightbox-title=\"soldadura-metalmecanica-bogota-colombia-6\" data-e-action-hash=\"#elementor-action%3Aaction%3Dlightbox%26settings%3DeyJpZCI6MjI4MywidXJsIjoiaHR0cHM6XC9cL3ByYW1lYy5jb1wvZmFicmljYS1waWV6YXMtbWV0YWxpY2FzXC93cC1jb250ZW50XC91cGxvYWRzXC8yMDIxXC8wN1wvc29sZGFkdXJhLW1ldGFsbWVjYW5pY2EtYm9nb3RhLWNvbG9tYmlhLTYuanBnIiwic2xpZGVzaG93IjoiNThmYmRmZSJ9\" href='https:\/\/pramec.co\/fabrica-piezas-metalicas\/wp-content\/uploads\/2021\/07\/soldadura-metalmecanica-bogota-colombia-6.jpg'><img loading=\"lazy\" width=\"150\" height=\"150\" src=\"https:\/\/pramec.co\/fabrica-piezas-metalicas\/wp-content\/uploads\/2021\/07\/soldadura-metalmecanica-bogota-colombia-6-150x150.jpg\" alt=\"Soldadura metalica para la industria\" decoding=\"async\" \/><\/a><br \/>\n\t\t\t<\/figure>\n<figure class='gallery-item'>\n\t\t\t\t<a data-elementor-open-lightbox=\"yes\" data-elementor-lightbox-slideshow=\"58fbdfe\" data-elementor-lightbox-title=\"soldadura-metalmecanica-bogota-colombia-7\" data-e-action-hash=\"#elementor-action%3Aaction%3Dlightbox%26settings%3DeyJpZCI6MjI4NCwidXJsIjoiaHR0cHM6XC9cL3ByYW1lYy5jb1wvZmFicmljYS1waWV6YXMtbWV0YWxpY2FzXC93cC1jb250ZW50XC91cGxvYWRzXC8yMDIxXC8wN1wvc29sZGFkdXJhLW1ldGFsbWVjYW5pY2EtYm9nb3RhLWNvbG9tYmlhLTcuanBnIiwic2xpZGVzaG93IjoiNThmYmRmZSJ9\" href='https:\/\/pramec.co\/fabrica-piezas-metalicas\/wp-content\/uploads\/2021\/07\/soldadura-metalmecanica-bogota-colombia-7.jpg'><img loading=\"lazy\" width=\"150\" height=\"150\" src=\"https:\/\/pramec.co\/fabrica-piezas-metalicas\/wp-content\/uploads\/2021\/07\/soldadura-metalmecanica-bogota-colombia-7-150x150.jpg\" alt=\"Soldadura metalica para la industria\" decoding=\"async\" \/><\/a><br \/>\n\t\t\t<\/figure>\n<figure class='gallery-item'>\n\t\t\t\t<a data-elementor-open-lightbox=\"yes\" data-elementor-lightbox-slideshow=\"58fbdfe\" data-elementor-lightbox-title=\"soldadura-metalmecanica-bogota-colombia-8\" data-e-action-hash=\"#elementor-action%3Aaction%3Dlightbox%26settings%3DeyJpZCI6MjI4NSwidXJsIjoiaHR0cHM6XC9cL3ByYW1lYy5jb1wvZmFicmljYS1waWV6YXMtbWV0YWxpY2FzXC93cC1jb250ZW50XC91cGxvYWRzXC8yMDIxXC8wN1wvc29sZGFkdXJhLW1ldGFsbWVjYW5pY2EtYm9nb3RhLWNvbG9tYmlhLTguanBnIiwic2xpZGVzaG93IjoiNThmYmRmZSJ9\" href='https:\/\/pramec.co\/fabrica-piezas-metalicas\/wp-content\/uploads\/2021\/07\/soldadura-metalmecanica-bogota-colombia-8.jpg'><img loading=\"lazy\" width=\"150\" height=\"150\" src=\"https:\/\/pramec.co\/fabrica-piezas-metalicas\/wp-content\/uploads\/2021\/07\/soldadura-metalmecanica-bogota-colombia-8-150x150.jpg\" alt=\"Soldadura metalica para la industria\" decoding=\"async\" \/><\/a><br \/>\n\t\t\t<\/figure>\n<figure class='gallery-item'>\n\t\t\t\t<a data-elementor-open-lightbox=\"yes\" data-elementor-lightbox-slideshow=\"58fbdfe\" data-elementor-lightbox-title=\"soldadura-metalmecanica-bogota-colombia-94\" data-e-action-hash=\"#elementor-action%3Aaction%3Dlightbox%26settings%3DeyJpZCI6MjgxMSwidXJsIjoiaHR0cHM6XC9cL3ByYW1lYy5jb1wvZmFicmljYS1waWV6YXMtbWV0YWxpY2FzXC93cC1jb250ZW50XC91cGxvYWRzXC8yMDIxXC8wN1wvc29sZGFkdXJhLW1ldGFsbWVjYW5pY2EtYm9nb3RhLWNvbG9tYmlhLTk0LmpwZyIsInNsaWRlc2hvdyI6IjU4ZmJkZmUifQ%3D%3D\" href='https:\/\/pramec.co\/fabrica-piezas-metalicas\/wp-content\/uploads\/2021\/07\/soldadura-metalmecanica-bogota-colombia-94.jpg'><img loading=\"lazy\" width=\"150\" height=\"150\" src=\"https:\/\/pramec.co\/fabrica-piezas-metalicas\/wp-content\/uploads\/2021\/07\/soldadura-metalmecanica-bogota-colombia-94-150x150.jpg\" alt=\"Soldadura piezas metalmecanicas Bogota Colombia\" decoding=\"async\" \/><\/a><br \/>\n\t\t\t<\/figure>\n<figure class='gallery-item'>\n\t\t\t\t<a data-elementor-open-lightbox=\"yes\" data-elementor-lightbox-slideshow=\"58fbdfe\" data-elementor-lightbox-title=\"soldadura-metalmecanica-bogota-colombia-95\" data-e-action-hash=\"#elementor-action%3Aaction%3Dlightbox%26settings%3DeyJpZCI6MjgxMiwidXJsIjoiaHR0cHM6XC9cL3ByYW1lYy5jb1wvZmFicmljYS1waWV6YXMtbWV0YWxpY2FzXC93cC1jb250ZW50XC91cGxvYWRzXC8yMDIxXC8wN1wvc29sZGFkdXJhLW1ldGFsbWVjYW5pY2EtYm9nb3RhLWNvbG9tYmlhLTk1LmpwZyIsInNsaWRlc2hvdyI6IjU4ZmJkZmUifQ%3D%3D\" href='https:\/\/pramec.co\/fabrica-piezas-metalicas\/wp-content\/uploads\/2021\/07\/soldadura-metalmecanica-bogota-colombia-95.jpg'><img loading=\"lazy\" width=\"150\" height=\"150\" src=\"https:\/\/pramec.co\/fabrica-piezas-metalicas\/wp-content\/uploads\/2021\/07\/soldadura-metalmecanica-bogota-colombia-95-150x150.jpg\" alt=\"Soldadura piezas metalmecanicas Bogota Colombia\" decoding=\"async\" \/><\/a><br \/>\n\t\t\t<\/figure>\n<figure class='gallery-item'>\n\t\t\t\t<a data-elementor-open-lightbox=\"yes\" data-elementor-lightbox-slideshow=\"58fbdfe\" data-elementor-lightbox-title=\"soldadura-metalmecanica-bogota-colombia-96\" data-e-action-hash=\"#elementor-action%3Aaction%3Dlightbox%26settings%3DeyJpZCI6MjgxMywidXJsIjoiaHR0cHM6XC9cL3ByYW1lYy5jb1wvZmFicmljYS1waWV6YXMtbWV0YWxpY2FzXC93cC1jb250ZW50XC91cGxvYWRzXC8yMDIxXC8wN1wvc29sZGFkdXJhLW1ldGFsbWVjYW5pY2EtYm9nb3RhLWNvbG9tYmlhLTk2LmpwZyIsInNsaWRlc2hvdyI6IjU4ZmJkZmUifQ%3D%3D\" href='https:\/\/pramec.co\/fabrica-piezas-metalicas\/wp-content\/uploads\/2021\/07\/soldadura-metalmecanica-bogota-colombia-96.jpg'><img loading=\"lazy\" width=\"150\" height=\"150\" src=\"https:\/\/pramec.co\/fabrica-piezas-metalicas\/wp-content\/uploads\/2021\/07\/soldadura-metalmecanica-bogota-colombia-96-150x150.jpg\" alt=\"Soldadura piezas metalmecanicas Bogota Colombia\" decoding=\"async\" \/><\/a><br \/>\n\t\t\t<\/figure>\n<p>                <img loading=\"lazy\" width=\"567\" height=\"527\" src=\"https:\/\/pramec.co\/fabrica-piezas-metalicas\/wp-content\/uploads\/2021\/07\/soldadura-metalmecanica-bogota-colombia-5.jpg\" alt=\"Soldadura metalmecanico\" decoding=\"async\" srcset=\"https:\/\/pramec.co\/fabrica-piezas-metalicas\/wp-content\/uploads\/2021\/07\/soldadura-metalmecanica-bogota-colombia-5.jpg 567w, https:\/\/pramec.co\/fabrica-piezas-metalicas\/wp-content\/uploads\/2021\/07\/soldadura-metalmecanica-bogota-colombia-5-300x279.jpg 300w\" sizes=\"(max-width: 567px) 100vw, 567px\" \/><br \/>\n                <a href=\"https:\/\/www.youtube.com\/embed\/zAvITlBbCO8\" data-featherlight=\"iframe\" data-featherlight-iframe-width=\"960\" data-featherlight-iframe-height=\"540\"><br \/>\n                <\/a><\/p>\n<h2>Tienes un Proyecto ?<\/h2>\n<p><em>Ingresa tus datos en el formulario<\/em>, la versatilidad y precisi\u00f3n de nuestras m\u00e1quinas con tecnologu\u00eda de punta, nos permite realizar proyectos en tiempos razonables, ofreciendo las mejores alternativas de fabricaci\u00f3n con un m\u00e1ximo aprovechamiento de material, lo cual se traduce en precios muy competitivos.<\/p>\n<p role=\"status\" aria-live=\"polite\" aria-atomic=\"true\">\n<ul><\/ul>\n<form action=\"\/fabrica-piezas-metalicas\/wp-admin\/admin-ajax.php#wpcf7-f1105-o1\" method=\"post\" aria-label=\"Contact form\" novalidate=\"novalidate\" data-status=\"init\">\n<fieldset><input type=\"hidden\" name=\"_wpcf7\" value=\"1105\" \/><input type=\"hidden\" name=\"_wpcf7_version\" value=\"6.1.1\" \/><input type=\"hidden\" name=\"_wpcf7_locale\" value=\"en_US\" \/><input type=\"hidden\" name=\"_wpcf7_unit_tag\" value=\"wpcf7-f1105-o1\" \/><input type=\"hidden\" name=\"_wpcf7_container_post\" value=\"0\" \/><input type=\"hidden\" name=\"_wpcf7_posted_data_hash\" value=\"\" \/><br \/>\n<\/fieldset>\n<p><label> Nombre<\/label><br \/>\n<input size=\"40\" maxlength=\"400\" aria-required=\"true\" aria-invalid=\"false\" value=\"\" type=\"text\" name=\"text-819\" \/><br \/>\n<label> Tel\u00e9fono<\/label><br \/>\n    <input size=\"40\" maxlength=\"400\" aria-required=\"true\" aria-invalid=\"false\" value=\"\" type=\"tel\" name=\"tel-150\" \/><br \/>\n<label> Email*<\/label><br \/>\n   <input size=\"40\" maxlength=\"400\" aria-invalid=\"false\" value=\"\" type=\"email\" name=\"email-646\" \/><br \/>\n<label> Empresa*<\/label><br \/>\n    <input size=\"40\" maxlength=\"400\" aria-invalid=\"false\" value=\"\" type=\"text\" name=\"text-956\" \/><br \/>\n<label> C\u00f3mo podemos ayudarle?*<\/label><br \/>\n    <textarea cols=\"40\" rows=\"10\" maxlength=\"2000\" aria-required=\"true\" aria-invalid=\"false\" name=\"textarea-403\"><\/textarea><br \/>\n<label>Resuelve <\/label><br \/>\n<input type=\"submit\" value=\"Enviar\" \/><br \/>\n<\/form>\n<p>\t\t\t\t\t\t\t\t\t\t\t\t\t\t\t\t<a href=\"https:\/\/www.pramec.co\"><br \/>\n\t\t\t\t\t\t\t<img loading=\"lazy\" decoding=\"async\" width=\"275\" height=\"71\" src=\"https:\/\/pramec.co\/fabrica-piezas-metalicas\/wp-content\/uploads\/2021\/04\/logo-pramec-3.png\" alt=\"Logo Pramec\" \/>\t\t\t\t\t\t\t\t<\/a><\/p>\n<p>Somos una empresa metalmec\u00e1nica fundada en 1979, desde nuestros inicios hemos sido parte importante para el desarrollo de la industria automotriz y de motocicletas.<\/p>\n<p>\u00a0<\/p>\n<p><a href=\"https:\/\/www.facebook.com\/pramec\" target=\"_blank\" rel=\"noopener\"><img loading=\"lazy\" decoding=\"async\" src=\"https:\/\/pramec.co\/fabrica-piezas-metalicas\/wp-content\/uploads\/2021\/04\/facebook-pramec-2.png\" alt=\"Facebook Pramec\" width=\"35\" height=\"35\" \/><\/a> \u00a0 <a href=\"https:\/\/www.instagram.com\/pramecsas\/\" target=\"_blank\" rel=\"noopener\"><img loading=\"lazy\" decoding=\"async\" src=\"https:\/\/pramec.co\/fabrica-piezas-metalicas\/wp-content\/uploads\/2021\/04\/instagram-pramec-2.png\" alt=\"Instagram Pramec\" width=\"35\" height=\"35\" \/><\/a> \u00a0 <a href=\"https:\/\/www.linkedin.com\/company\/pramec\/\" target=\"_blank\" rel=\"noopener\"><img loading=\"lazy\" decoding=\"async\" src=\"https:\/\/pramec.co\/fabrica-piezas-metalicas\/wp-content\/uploads\/2021\/04\/linkedin-pramec-2.png\" alt=\"Linkedin Pramec\" width=\"35\" height=\"35\" \/><\/a><\/p>\n<ul id=\"menu-productos-1\">\n<li id=\"menu-item-3697\"><a href=\"https:\/\/pramec.co\/fabrica-piezas-metalicas\/pramec-corter-laser-de-tubo\/\">Corte Laser de Tubo<\/a><\/li>\n<li id=\"menu-item-3696\"><a href=\"https:\/\/pramec.co\/fabrica-piezas-metalicas\/pramec-corter-laser-de-lamina\/\">Corte Laser de Lamina<\/a><\/li>\n<li id=\"menu-item-3693\"><a href=\"https:\/\/pramec.co\/fabrica-piezas-metalicas\/pramec-plegado\/\">Plegado<\/a><\/li>\n<li id=\"menu-item-3694\"><a href=\"https:\/\/pramec.co\/fabrica-piezas-metalicas\/pramec-tornos\/\">tornos<\/a><\/li>\n<li id=\"menu-item-3695\"><a href=\"https:\/\/pramec.co\/fabrica-piezas-metalicas\/pramec-punzonadora\/\">Punzonado<\/a><\/li>\n<\/ul>\n<ul id=\"menu-productos-2\">\n<li id=\"menu-item-2824\"><a href=\"https:\/\/pramec.co\/fabrica-piezas-metalicas\/pramec-doblado-tuberia\/\">Doblado de Tuber\u00eda<\/a><\/li>\n<li id=\"menu-item-2825\"><a href=\"https:\/\/pramec.co\/fabrica-piezas-metalicas\/pramec-soldadura\/\">Soldadura<\/a><\/li>\n<li id=\"menu-item-2826\"><a href=\"https:\/\/pramec.co\/fabrica-piezas-metalicas\/troquelado-prensa\/\">troquelado y prensa<\/a><\/li>\n<li id=\"menu-item-2827\"><a href=\"https:\/\/pramec.co\/fabrica-piezas-metalicas\/pramec-ensamble-piezas-metalicas\/\">Ensamble<\/a><\/li>\n<li id=\"menu-item-3090\"><a href=\"https:\/\/pramec.co\/fabrica-piezas-metalicas\/pramec-ensamble-piezas-metalicas-2\/\">Blog Pramec SAS<\/a><\/li>\n<\/ul>\n<h2>Portafolios<\/h2>\n<p>\t\t\t\t\t\t\t\t\t\t\t\t\t\t\t\t<a href=\"https:\/\/pramec.co\/fabrica-piezas-metalicas\/wp-content\/uploads\/2021\/06\/brochure-pramec.pdf\" target=\"_blank\"><br \/>\n\t\t\t\t\t\t\t<img decoding=\"async\" src=\"https:\/\/pramec.co\/fabrica-piezas-metalicas\/wp-content\/uploads\/elementor\/thumbs\/brochure-pramec-2-2-p6cq5ppnurzdfqm19u12zm7tmf6mz2vhuiiy0nxl34.png\" title=\"brochure-pramec-2\" alt=\"Portafolio Pramec\" loading=\"lazy\" \/>\t\t\t\t\t\t\t\t<\/a><br \/>\n\t\t\t\t\t\t\t\t\t\t\t\t\t\t\t\t<a href=\"https:\/\/pramec.co\/fabrica-piezas-metalicas\/wp-content\/uploads\/2021\/06\/portafolio-pramec-tecnico.pdf\" target=\"_blank\"><br \/>\n\t\t\t\t\t\t\t<img decoding=\"async\" src=\"https:\/\/pramec.co\/fabrica-piezas-metalicas\/wp-content\/uploads\/elementor\/thumbs\/brochure-pramec-2-1-p65cxqs9wpj4enkkpo6ac0id5zwwuc3f4g6y5ksxds.png\" title=\"brochure-pramec-2\" alt=\"brochure-pramec-2\" loading=\"lazy\" \/>\t\t\t\t\t\t\t\t<\/a><\/p>\n<p>2025 \u00a9 Derechos reservados Pramec S.A.S.<\/p>\n<ul id=\"menu-footer-pramec\">\n<li id=\"menu-item-1229\"><a href=\"https:\/\/pramec.co\/fabrica-piezas-metalicas\/pramec-industria-metalmecanica-colombia\/\">Pramec<\/a><\/li>\n<li id=\"menu-item-1230\"><a href=\"#\">Politicas Pramec<\/a><\/li>\n<\/ul>\n","protected":false},"excerpt":{"rendered":"<p>+ 57 601 756 4566 +57 310 779 9782 comercial@pramec.co Inicio Pramec Corte L\u00e1ser Corte Laser de Tubo Corte Laser de Lamina Servicios Punzonado Tornos Plegado Doblado de Tuber\u00eda Soldadura Troquelado y Prensa Ensamble Corte L\u00e1ser Corte Laser de Lamina Corte Laser de Tubo Plaforizado y procesoPintura electroest\u00e1tica Celda De SoldaduraMig Aluminio, Cr, Hr Clientes [&hellip;]<\/p>\n","protected":false},"author":1,"featured_media":0,"parent":0,"menu_order":0,"comment_status":"closed","ping_status":"closed","template":"page-builder.php","meta":{"footnotes":""},"class_list":["post-2249","page","type-page","status-publish","hentry"],"translation":{"provider":"WPGlobus","version":"3.0.0","language":"es","enabled_languages":["es","en"],"languages":{"es":{"title":true,"content":true,"excerpt":false},"en":{"title":true,"content":true,"excerpt":false}}},"_links":{"self":[{"href":"https:\/\/pramec.co\/fabrica-piezas-metalicas\/wp-json\/wp\/v2\/pages\/2249","targetHints":{"allow":["GET"]}}],"collection":[{"href":"https:\/\/pramec.co\/fabrica-piezas-metalicas\/wp-json\/wp\/v2\/pages"}],"about":[{"href":"https:\/\/pramec.co\/fabrica-piezas-metalicas\/wp-json\/wp\/v2\/types\/page"}],"author":[{"embeddable":true,"href":"https:\/\/pramec.co\/fabrica-piezas-metalicas\/wp-json\/wp\/v2\/users\/1"}],"replies":[{"embeddable":true,"href":"https:\/\/pramec.co\/fabrica-piezas-metalicas\/wp-json\/wp\/v2\/comments?post=2249"}],"version-history":[{"count":130,"href":"https:\/\/pramec.co\/fabrica-piezas-metalicas\/wp-json\/wp\/v2\/pages\/2249\/revisions"}],"predecessor-version":[{"id":5112,"href":"https:\/\/pramec.co\/fabrica-piezas-metalicas\/wp-json\/wp\/v2\/pages\/2249\/revisions\/5112"}],"wp:attachment":[{"href":"https:\/\/pramec.co\/fabrica-piezas-metalicas\/wp-json\/wp\/v2\/media?parent=2249"}],"curies":[{"name":"wp","href":"https:\/\/api.w.org\/{rel}","templated":true}]}}