{"id":4089,"date":"2024-04-05T22:47:24","date_gmt":"2024-04-05T22:47:24","guid":{"rendered":"https:\/\/pramec.co\/fabrica-piezas-metalicas\/?page_id=4089"},"modified":"2025-09-26T17:19:34","modified_gmt":"2025-09-26T17:19:34","slug":"celda-soldadura-mig-aluminio-cr-hr","status":"publish","type":"page","link":"https:\/\/pramec.co\/fabrica-piezas-metalicas\/en\/celda-soldadura-mig-aluminio-cr-hr\/","title":{"rendered":"Celda De Soldadura Mig Aluminio, Cr, Hr"},"content":{"rendered":"<header>\n<p>+ 57 601 756 4566<\/p>\n<p>+57 310 779 9782<\/p>\n<p>            <!-- \/.pull-left --><\/p>\n<p>comercial@pramec.co<\/p>\n<p>            <!-- \/.pull-right --><br \/>\n        <!-- \/.container --><br \/>\n    <!-- \/.header-top --><\/p>\n<nav>\n            <!-- Brand and toggle get grouped for better mobile display --><br \/>\n                <button type=\"button\" data-toggle=\"collapse\" data-target=\".main-navigation\" aria-expanded=\"false\"> <\/button><br \/>\n                <a href=\"https:\/\/pramec.co\/fabrica-piezas-metalicas\/\"><img decoding=\"async\" src=\"https:\/\/pramec.co\/fabrica-piezas-metalicas\/wp-content\/uploads\/2021\/04\/logo-pramec.png\" alt=\"Pramec SAS\"><\/a><br \/>\n            <!-- Collect the nav links, forms, and other content for toggling --><\/p>\n<ul>\n<li id=\"menu-item-1680\"><a href=\"https:\/\/pramec.co\/fabrica-piezas-metalicas\/\">Inicio<\/a><\/li>\n<li id=\"menu-item-1879\"><a href=\"https:\/\/pramec.co\/fabrica-piezas-metalicas\/pramec-industria-metalmecanica-colombia\/\">Pramec<\/a><\/li>\n<li id=\"menu-item-1200\"><a href=\"#\">Corte L\u00e1ser<\/a>\n<ul>\n<li id=\"menu-item-1201\"><a href=\"https:\/\/pramec.co\/fabrica-piezas-metalicas\/pramec-corter-laser-de-tubo\/\">Corte Laser de Tubo<\/a><\/li>\n<li id=\"menu-item-1202\"><a href=\"https:\/\/pramec.co\/fabrica-piezas-metalicas\/pramec-corter-laser-de-lamina\/\">Corte Laser de Lamina<\/a><\/li>\n<\/ul>\n<\/li>\n<li id=\"menu-item-1217\"><a href=\"#\">Servicios<\/a>\n<ul>\n<li id=\"menu-item-1975\"><a href=\"https:\/\/pramec.co\/fabrica-piezas-metalicas\/pramec-punzonadora\/\">Punzonado<\/a><\/li>\n<li id=\"menu-item-2121\"><a href=\"https:\/\/pramec.co\/fabrica-piezas-metalicas\/pramec-tornos\/\">Tornos<\/a><\/li>\n<li id=\"menu-item-2209\"><a href=\"https:\/\/pramec.co\/fabrica-piezas-metalicas\/pramec-plegado\/\">Plegado<\/a><\/li>\n<li id=\"menu-item-2248\"><a href=\"https:\/\/pramec.co\/fabrica-piezas-metalicas\/pramec-doblado-tuberia\/\">Doblado de Tuber\u00eda<\/a><\/li>\n<li id=\"menu-item-2296\"><a href=\"https:\/\/pramec.co\/fabrica-piezas-metalicas\/pramec-soldadura\/\">Soldadura<\/a><\/li>\n<li id=\"menu-item-2385\"><a href=\"https:\/\/pramec.co\/fabrica-piezas-metalicas\/troquelado-prensa\/\">Troquelado y Prensa<\/a><\/li>\n<li id=\"menu-item-2403\"><a href=\"https:\/\/pramec.co\/fabrica-piezas-metalicas\/pramec-ensamble-piezas-metalicas\/\">Ensamble<\/a><\/li>\n<li id=\"menu-item-1807\"><a href=\"#\">Corte L\u00e1ser<\/a>\n<ul>\n<li id=\"menu-item-1809\"><a href=\"https:\/\/pramec.co\/fabrica-piezas-metalicas\/pramec-corter-laser-de-lamina\/\">Corte Laser de Lamina<\/a><\/li>\n<li id=\"menu-item-1808\"><a href=\"https:\/\/pramec.co\/fabrica-piezas-metalicas\/pramec-corter-laser-de-tubo\/\">Corte Laser de Tubo<\/a><\/li>\n<\/ul>\n<\/li>\n<li id=\"menu-item-4088\"><a href=\"https:\/\/pramec.co\/fabrica-piezas-metalicas\/troquelado-prensa-3\/\">Plaforizado y proceso<br \/>Pintura electroest\u00e1tica<\/a><\/li>\n<li id=\"menu-item-4107\"><a href=\"https:\/\/pramec.co\/fabrica-piezas-metalicas\/celda-soldadura-mig-aluminio-cr-hr\/\">Celda De Soldadura<br \/>Mig Aluminio, Cr, Hr<\/a><\/li>\n<\/ul>\n<\/li>\n<li id=\"menu-item-3671\"><a href=\"#\">Clientes<\/a>\n<ul>\n<li id=\"menu-item-2533\"><a href=\"https:\/\/pramec.co\/fabrica-piezas-metalicas\/pramec-sector-automotriz\/\">Sector Automotriz<\/a><\/li>\n<li id=\"menu-item-2722\"><a href=\"https:\/\/pramec.co\/fabrica-piezas-metalicas\/pramec-sector-carrocerias\/\">Sector Carrocerias<\/a><\/li>\n<li id=\"menu-item-2721\"><a href=\"https:\/\/pramec.co\/fabrica-piezas-metalicas\/pramec-sector-mobiliario\/\">Sector Mobiliario<\/a><\/li>\n<li id=\"menu-item-2720\"><a href=\"https:\/\/pramec.co\/fabrica-piezas-metalicas\/pramec-sector-motopartista\/\">Sector Motopartista<\/a><\/li>\n<li id=\"menu-item-2719\"><a href=\"https:\/\/pramec.co\/fabrica-piezas-metalicas\/pramec-filtracion-refrigeracion-industrial\/\">Filtraci\u00f3n y Refrigeraci\u00f3n<\/a><\/li>\n<li id=\"menu-item-2718\"><a href=\"https:\/\/pramec.co\/fabrica-piezas-metalicas\/pramec-electrico\/\">Sector El\u00e9ctrico<\/a><\/li>\n<li id=\"menu-item-2717\"><a href=\"https:\/\/pramec.co\/fabrica-piezas-metalicas\/pramec-sector-ingenieria\/\">Sector Ingenier\u00eda<\/a><\/li>\n<\/ul>\n<\/li>\n<li id=\"menu-item-1356\"><a href=\"https:\/\/pramec.co\/fabrica-piezas-metalicas\/contacto-pramec-industria-metalmecanica-bogota-colombia\/\">Contacto<\/a><\/li>\n<\/ul>\n<p>            <!-- \/.navbar-collapse --><br \/>\n                                    <a href=\"#test-search\"><\/a><br \/>\n                                <a href=https:\/\/pramec.co\/fabrica-piezas-metalicas\/contacto-pramec-industria-metalmecanica-bogota-colombia\/  >Cotizar<\/a>            <!-- \/.right-side-box --><br \/>\n        <!-- \/.container --><br \/>\n    <\/nav>\n<\/header>\n<p><!-- \/.header --><\/p>\n<form role=\"search\" method=\"get\" action=\"https:\/\/pramec.co\/fabrica-piezas-metalicas\/\">\n                <input type=\"text\" name=\"s\" placeholder=\"Search for...\"><br \/>\n                    <button type=\"submit\"><\/button><br \/>\n            <\/form>\n<p><button title=\"Close (Esc)\" type=\"button\">\u00d7<\/button><\/p>\n<h2>Aluminum, Cr, Hr<br \/>Mig Welding Cell<\/h2>\n<h2>Pramec<\/h2>\n<h2>Aluminum, Cr, Hr Mig Welding Cell<\/h2>\n<h2>Our welding cell is fully equipped and certified by T\u00dcV and CE.<br \/>\nIt includes the TRUMPF standard suction system, an outer housing with anti-glare protection, and a safety configuration. The cell requires minimal programming time; for a simple cord, it takes only about 5 minutes to program and assemble<\/h2>\n<p>\t\t\t\t\t\t\t\t\t\t\t\t\t\t\t<img fetchpriority=\"high\" decoding=\"async\" width=\"498\" height=\"423\" src=\"https:\/\/pramec.co\/fabrica-piezas-metalicas\/wp-content\/uploads\/2024\/05\/celda-de-soldadura-mig-aluminio-cr-hr.jpg\" alt=\"Aluminum, Cr, Hr Mig Welding Cell Celda De Soldadura Mig Aluminio, Cr, Hr\" srcset=\"https:\/\/pramec.co\/fabrica-piezas-metalicas\/wp-content\/uploads\/2024\/05\/celda-de-soldadura-mig-aluminio-cr-hr.jpg 498w, https:\/\/pramec.co\/fabrica-piezas-metalicas\/wp-content\/uploads\/2024\/05\/celda-de-soldadura-mig-aluminio-cr-hr-300x255.jpg 300w\" sizes=\"(max-width: 498px) 100vw, 498px\" \/>\t\t\t\t\t\t\t\t\t\t\t\t\t\t\t<\/p>\n<h3>This requires the Aluminum, Cr, Hr Mig Welding Cell<\/h3>\n<p>\t\t<a href=\"https:\/\/pramec.co\/fabrica-piezas-metalicas\/contacto-pramec-industria-metalmecanica-bogota-colombia\/\"><br \/>\n                        Contact<br \/>\n        \t\t<\/a><\/p>\n<figure class='gallery-item'>\n\t\t\t\t<a data-elementor-open-lightbox=\"yes\" data-elementor-lightbox-slideshow=\"035387e\" data-elementor-lightbox-title=\"pintura-electroestatica-pramec-3\" data-e-action-hash=\"#elementor-action%3Aaction%3Dlightbox%26settings%3DeyJpZCI6NDA3OCwidXJsIjoiaHR0cHM6XC9cL3ByYW1lYy5jb1wvZmFicmljYS1waWV6YXMtbWV0YWxpY2FzXC93cC1jb250ZW50XC91cGxvYWRzXC8yMDI0XC8wNFwvcGludHVyYS1lbGVjdHJvZXN0YXRpY2EtcHJhbWVjLTMuanBnIiwic2xpZGVzaG93IjoiMDM1Mzg3ZSJ9\" href='https:\/\/pramec.co\/fabrica-piezas-metalicas\/wp-content\/uploads\/2024\/04\/pintura-electroestatica-pramec-3.jpg'><img width=\"150\" height=\"150\" src=\"https:\/\/pramec.co\/fabrica-piezas-metalicas\/wp-content\/uploads\/2024\/04\/pintura-electroestatica-pramec-3-150x150.jpg\" alt=\"pintura electroest\u00e1tica\" decoding=\"async\" \/><\/a><br \/>\n\t\t\t<\/figure>\n<figure class='gallery-item'>\n\t\t\t\t<a data-elementor-open-lightbox=\"yes\" data-elementor-lightbox-slideshow=\"035387e\" data-elementor-lightbox-title=\"celda-de-soldadura-mig-aluminio-cr-hr-3\" data-e-action-hash=\"#elementor-action%3Aaction%3Dlightbox%26settings%3DeyJpZCI6NDYyOCwidXJsIjoiaHR0cHM6XC9cL3ByYW1lYy5jb1wvZmFicmljYS1waWV6YXMtbWV0YWxpY2FzXC93cC1jb250ZW50XC91cGxvYWRzXC8yMDI0XC8wNVwvY2VsZGEtZGUtc29sZGFkdXJhLW1pZy1hbHVtaW5pby1jci1oci0zLmpwZyIsInNsaWRlc2hvdyI6IjAzNTM4N2UifQ%3D%3D\" href='https:\/\/pramec.co\/fabrica-piezas-metalicas\/wp-content\/uploads\/2024\/05\/celda-de-soldadura-mig-aluminio-cr-hr-3.jpg'><img width=\"150\" height=\"150\" src=\"https:\/\/pramec.co\/fabrica-piezas-metalicas\/wp-content\/uploads\/2024\/05\/celda-de-soldadura-mig-aluminio-cr-hr-3-150x150.jpg\" alt=\"Aluminum, Cr, Hr Mig Welding Cell Celda De Soldadura Mig Aluminio, Cr, Hr\" decoding=\"async\" \/><\/a><br \/>\n\t\t\t<\/figure>\n<figure class='gallery-item'>\n\t\t\t\t<a data-elementor-open-lightbox=\"yes\" data-elementor-lightbox-slideshow=\"035387e\" data-elementor-lightbox-title=\"celda-de-soldadura-mig-aluminio-cr-hr-4\" data-e-action-hash=\"#elementor-action%3Aaction%3Dlightbox%26settings%3DeyJpZCI6NDYyOSwidXJsIjoiaHR0cHM6XC9cL3ByYW1lYy5jb1wvZmFicmljYS1waWV6YXMtbWV0YWxpY2FzXC93cC1jb250ZW50XC91cGxvYWRzXC8yMDI0XC8wNVwvY2VsZGEtZGUtc29sZGFkdXJhLW1pZy1hbHVtaW5pby1jci1oci00LmpwZyIsInNsaWRlc2hvdyI6IjAzNTM4N2UifQ%3D%3D\" href='https:\/\/pramec.co\/fabrica-piezas-metalicas\/wp-content\/uploads\/2024\/05\/celda-de-soldadura-mig-aluminio-cr-hr-4.jpg'><img loading=\"lazy\" width=\"150\" height=\"150\" src=\"https:\/\/pramec.co\/fabrica-piezas-metalicas\/wp-content\/uploads\/2024\/05\/celda-de-soldadura-mig-aluminio-cr-hr-4-150x150.jpg\" alt=\"\" decoding=\"async\" \/><\/a><br \/>\n\t\t\t<\/figure>\n<figure class='gallery-item'>\n\t\t\t\t<a data-elementor-open-lightbox=\"yes\" data-elementor-lightbox-slideshow=\"035387e\" data-elementor-lightbox-title=\"celda-de-soldadura-mig-aluminio-cr-hr-5\" data-e-action-hash=\"#elementor-action%3Aaction%3Dlightbox%26settings%3DeyJpZCI6NDYzMywidXJsIjoiaHR0cHM6XC9cL3ByYW1lYy5jb1wvZmFicmljYS1waWV6YXMtbWV0YWxpY2FzXC93cC1jb250ZW50XC91cGxvYWRzXC8yMDI0XC8wNVwvY2VsZGEtZGUtc29sZGFkdXJhLW1pZy1hbHVtaW5pby1jci1oci01LmpwZyIsInNsaWRlc2hvdyI6IjAzNTM4N2UifQ%3D%3D\" href='https:\/\/pramec.co\/fabrica-piezas-metalicas\/wp-content\/uploads\/2024\/05\/celda-de-soldadura-mig-aluminio-cr-hr-5.jpg'><img loading=\"lazy\" width=\"150\" height=\"150\" src=\"https:\/\/pramec.co\/fabrica-piezas-metalicas\/wp-content\/uploads\/2024\/05\/celda-de-soldadura-mig-aluminio-cr-hr-5-150x150.jpg\" alt=\"\" decoding=\"async\" \/><\/a><br \/>\n\t\t\t<\/figure>\n<p>                <img loading=\"lazy\" width=\"649\" height=\"432\" src=\"https:\/\/pramec.co\/fabrica-piezas-metalicas\/wp-content\/uploads\/2024\/05\/celda-de-soldadura-mig-aluminio-cr-hr-2.jpg\" alt=\"Celda De Soldadura Mig Aluminio, Cr, Hr\" decoding=\"async\" srcset=\"https:\/\/pramec.co\/fabrica-piezas-metalicas\/wp-content\/uploads\/2024\/05\/celda-de-soldadura-mig-aluminio-cr-hr-2.jpg 649w, https:\/\/pramec.co\/fabrica-piezas-metalicas\/wp-content\/uploads\/2024\/05\/celda-de-soldadura-mig-aluminio-cr-hr-2-300x200.jpg 300w\" sizes=\"(max-width: 649px) 100vw, 649px\" \/><br \/>\n                <a href=\"https:\/\/www.youtube.com\/embed\/9hrztWgjFcE\" data-featherlight=\"iframe\" data-featherlight-iframe-width=\"960\" data-featherlight-iframe-height=\"540\"><br \/>\n                <\/a><\/p>\n<h2>Do you have a project?<\/h2>\n<p>Enter your data in the form; the versatility and precision of our state-of- the-art machinery allow us to complete projects in reasonable times, offering the best manufacturing alternatives with optimal material use, which results in highly competitive prices.<\/p>\n<p role=\"status\" aria-live=\"polite\" aria-atomic=\"true\">\n<ul><\/ul>\n<form action=\"\/fabrica-piezas-metalicas\/wp-admin\/admin-ajax.php#wpcf7-f3321-o1\" method=\"post\" aria-label=\"Contact form\" novalidate=\"novalidate\" data-status=\"init\">\n<fieldset><input type=\"hidden\" name=\"_wpcf7\" value=\"3321\" \/><input type=\"hidden\" name=\"_wpcf7_version\" value=\"6.1.1\" \/><input type=\"hidden\" name=\"_wpcf7_locale\" value=\"en_US\" \/><input type=\"hidden\" name=\"_wpcf7_unit_tag\" value=\"wpcf7-f3321-o1\" \/><input type=\"hidden\" name=\"_wpcf7_container_post\" value=\"0\" \/><input type=\"hidden\" name=\"_wpcf7_posted_data_hash\" value=\"\" \/><br \/>\n<\/fieldset>\n<p><label> Name<\/label><br \/>\n<input size=\"40\" maxlength=\"400\" aria-required=\"true\" aria-invalid=\"false\" value=\"\" type=\"text\" name=\"text-819\" \/><br \/>\n<label> Phone<\/label><br \/>\n    <input size=\"40\" maxlength=\"400\" aria-required=\"true\" aria-invalid=\"false\" value=\"\" type=\"tel\" name=\"tel-150\" \/><br \/>\n<label> Email*<\/label><br \/>\n    <input size=\"40\" maxlength=\"400\" aria-invalid=\"false\" value=\"\" type=\"email\" name=\"email-679\" \/><br \/>\n<label> Company*<\/label><br \/>\n    <input size=\"40\" maxlength=\"400\" aria-invalid=\"false\" value=\"\" type=\"text\" name=\"text-956\" \/><br \/>\n<label> How can we help?*<\/label><br \/>\n    <textarea cols=\"40\" rows=\"10\" maxlength=\"2000\" aria-required=\"true\" aria-invalid=\"false\" name=\"textarea-403\"><\/textarea><br \/>\n<label>Resuelve <\/label><br \/>\n[wpcaptcha wpcaptcha-837]<br \/>\n<input type=\"submit\" value=\"Send\" \/><br \/>\n<\/form>\n<p>\t\t\t\t\t\t\t\t\t\t\t\t\t\t\t\t<a href=\"https:\/\/www.pramec.co\"><br \/>\n\t\t\t\t\t\t\t<img loading=\"lazy\" decoding=\"async\" width=\"275\" height=\"71\" src=\"https:\/\/pramec.co\/fabrica-piezas-metalicas\/wp-content\/uploads\/2021\/04\/logo-pramec-3.png\" alt=\"Logo Pramec\" \/>\t\t\t\t\t\t\t\t<\/a><\/p>\n<p>Pramec is a metalwork industry established in 1979. Since its very beginning, Pramec has been recognized as one of the main contributors for the development of the automotive industry in Colombia as well as in the motorcycle industry in the last few years.<\/p>\n<p><a href=\"https:\/\/www.facebook.com\/pramec\" target=\"_blank\" rel=\"noopener\"><img loading=\"lazy\" decoding=\"async\" src=\"https:\/\/pramec.co\/fabrica-piezas-metalicas\/wp-content\/uploads\/2021\/04\/facebook-pramec-2.png\" alt=\"Facebook Pramec\" width=\"35\" height=\"35\" \/><\/a> \u00a0 <a href=\"https:\/\/www.instagram.com\/pramecsas\/\" target=\"_blank\" rel=\"noopener\"><img loading=\"lazy\" decoding=\"async\" src=\"https:\/\/pramec.co\/fabrica-piezas-metalicas\/wp-content\/uploads\/2021\/04\/instagram-pramec-2.png\" alt=\"Instagram Pramec\" width=\"35\" height=\"35\" \/><\/a> \u00a0 <a href=\"https:\/\/www.linkedin.com\/company\/pramec\/\" target=\"_blank\" rel=\"noopener\"><img loading=\"lazy\" decoding=\"async\" src=\"https:\/\/pramec.co\/fabrica-piezas-metalicas\/wp-content\/uploads\/2021\/04\/linkedin-pramec-2.png\" alt=\"Linkedin Pramec\" width=\"35\" height=\"35\" \/><\/a><\/p>\n<ul id=\"menu-productos-1\">\n<li id=\"menu-item-3697\"><a href=\"https:\/\/pramec.co\/fabrica-piezas-metalicas\/pramec-corter-laser-de-tubo\/\">Corte Laser de Tubo<\/a><\/li>\n<li id=\"menu-item-3696\"><a href=\"https:\/\/pramec.co\/fabrica-piezas-metalicas\/pramec-corter-laser-de-lamina\/\">Corte Laser de Lamina<\/a><\/li>\n<li id=\"menu-item-3693\"><a href=\"https:\/\/pramec.co\/fabrica-piezas-metalicas\/pramec-plegado\/\">Plegado<\/a><\/li>\n<li id=\"menu-item-3694\"><a href=\"https:\/\/pramec.co\/fabrica-piezas-metalicas\/pramec-tornos\/\">tornos<\/a><\/li>\n<li id=\"menu-item-3695\"><a href=\"https:\/\/pramec.co\/fabrica-piezas-metalicas\/pramec-punzonadora\/\">Punzonado<\/a><\/li>\n<\/ul>\n<ul id=\"menu-productos-2\">\n<li id=\"menu-item-2824\"><a href=\"https:\/\/pramec.co\/fabrica-piezas-metalicas\/pramec-doblado-tuberia\/\">Doblado de Tuber\u00eda<\/a><\/li>\n<li id=\"menu-item-2825\"><a href=\"https:\/\/pramec.co\/fabrica-piezas-metalicas\/pramec-soldadura\/\">Soldadura<\/a><\/li>\n<li id=\"menu-item-2826\"><a href=\"https:\/\/pramec.co\/fabrica-piezas-metalicas\/troquelado-prensa\/\">troquelado y prensa<\/a><\/li>\n<li id=\"menu-item-2827\"><a href=\"https:\/\/pramec.co\/fabrica-piezas-metalicas\/pramec-ensamble-piezas-metalicas\/\">Ensamble<\/a><\/li>\n<li id=\"menu-item-3090\"><a href=\"https:\/\/pramec.co\/fabrica-piezas-metalicas\/pramec-ensamble-piezas-metalicas-2\/\">Blog Pramec SAS<\/a><\/li>\n<\/ul>\n<h2>Portfolios<\/h2>\n<p>\t\t\t\t\t\t\t\t\t\t\t\t\t\t\t\t<a href=\"https:\/\/pramec.co\/fabrica-piezas-metalicas\/wp-content\/uploads\/2021\/06\/brochure-pramec.pdf\" target=\"_blank\"><br \/>\n\t\t\t\t\t\t\t<img decoding=\"async\" src=\"https:\/\/pramec.co\/fabrica-piezas-metalicas\/wp-content\/uploads\/elementor\/thumbs\/brochure-pramec-2-2-p6cq5ppnurzdfqm19u12zm7tmf6mz2vhuiiy0nxl34.png\" title=\"brochure-pramec-2\" alt=\"Portafolio Pramec\" loading=\"lazy\" \/>\t\t\t\t\t\t\t\t<\/a><br \/>\n\t\t\t\t\t\t\t\t\t\t\t\t\t\t\t\t<a href=\"https:\/\/pramec.co\/fabrica-piezas-metalicas\/wp-content\/uploads\/2021\/06\/portafolio-pramec-tecnico.pdf\" target=\"_blank\"><br \/>\n\t\t\t\t\t\t\t<img decoding=\"async\" src=\"https:\/\/pramec.co\/fabrica-piezas-metalicas\/wp-content\/uploads\/elementor\/thumbs\/brochure-pramec-2-1-p65cxqs9wpj4enkkpo6ac0id5zwwuc3f4g6y5ksxds.png\" title=\"brochure-pramec-2\" alt=\"brochure-pramec-2\" loading=\"lazy\" \/>\t\t\t\t\t\t\t\t<\/a><\/p>\n<p>2025 \u00a9 Derechos reservados Pramec S.A.S.<\/p>\n<ul id=\"menu-footer-pramec\">\n<li id=\"menu-item-1229\"><a href=\"https:\/\/pramec.co\/fabrica-piezas-metalicas\/pramec-industria-metalmecanica-colombia\/\">Pramec<\/a><\/li>\n<li id=\"menu-item-1230\"><a href=\"#\">Politicas Pramec<\/a><\/li>\n<\/ul>\n","protected":false},"excerpt":{"rendered":"<p>+ 57 601 756 4566 +57 310 779 9782 comercial@pramec.co Inicio Pramec Corte L\u00e1ser Corte Laser de Tubo Corte Laser de Lamina Servicios Punzonado Tornos Plegado Doblado de Tuber\u00eda Soldadura Troquelado y Prensa Ensamble Corte L\u00e1ser Corte Laser de Lamina Corte Laser de Tubo Plaforizado y procesoPintura electroest\u00e1tica Celda De SoldaduraMig Aluminio, Cr, Hr Clientes [&hellip;]<\/p>\n","protected":false},"author":1,"featured_media":0,"parent":0,"menu_order":0,"comment_status":"closed","ping_status":"closed","template":"page-builder.php","meta":{"footnotes":""},"class_list":["post-4089","page","type-page","status-publish","hentry"],"translation":{"provider":"WPGlobus","version":"3.0.0","language":"en","enabled_languages":["es","en"],"languages":{"es":{"title":true,"content":true,"excerpt":false},"en":{"title":true,"content":true,"excerpt":false}}},"_links":{"self":[{"href":"https:\/\/pramec.co\/fabrica-piezas-metalicas\/en\/wp-json\/wp\/v2\/pages\/4089","targetHints":{"allow":["GET"]}}],"collection":[{"href":"https:\/\/pramec.co\/fabrica-piezas-metalicas\/en\/wp-json\/wp\/v2\/pages"}],"about":[{"href":"https:\/\/pramec.co\/fabrica-piezas-metalicas\/en\/wp-json\/wp\/v2\/types\/page"}],"author":[{"embeddable":true,"href":"https:\/\/pramec.co\/fabrica-piezas-metalicas\/en\/wp-json\/wp\/v2\/users\/1"}],"replies":[{"embeddable":true,"href":"https:\/\/pramec.co\/fabrica-piezas-metalicas\/en\/wp-json\/wp\/v2\/comments?post=4089"}],"version-history":[{"count":62,"href":"https:\/\/pramec.co\/fabrica-piezas-metalicas\/en\/wp-json\/wp\/v2\/pages\/4089\/revisions"}],"predecessor-version":[{"id":4989,"href":"https:\/\/pramec.co\/fabrica-piezas-metalicas\/en\/wp-json\/wp\/v2\/pages\/4089\/revisions\/4989"}],"wp:attachment":[{"href":"https:\/\/pramec.co\/fabrica-piezas-metalicas\/en\/wp-json\/wp\/v2\/media?parent=4089"}],"curies":[{"name":"wp","href":"https:\/\/api.w.org\/{rel}","templated":true}]}}