{"id":3012,"date":"2021-07-26T23:38:47","date_gmt":"2021-07-26T23:38:47","guid":{"rendered":"https:\/\/pramec.co\/fabrica-piezas-metalicas\/?page_id=3012"},"modified":"2025-07-21T17:58:31","modified_gmt":"2025-07-21T17:58:31","slug":"pramec-ensamble-piezas-metalicas-2","status":"publish","type":"page","link":"https:\/\/pramec.co\/fabrica-piezas-metalicas\/en\/pramec-ensamble-piezas-metalicas-2\/","title":{"rendered":"Blog"},"content":{"rendered":"<header>\n<p>+ 57 601 756 4566<\/p>\n<p>+57 310 779 9782<\/p>\n<p>            <!-- \/.pull-left --><\/p>\n<p>comercial@pramec.co<\/p>\n<p>            <!-- \/.pull-right --><br \/>\n        <!-- \/.container --><br \/>\n    <!-- \/.header-top --><\/p>\n<nav>\n            <!-- Brand and toggle get grouped for better mobile display --><br \/>\n                <button type=\"button\" data-toggle=\"collapse\" data-target=\".main-navigation\" aria-expanded=\"false\"> <\/button><br \/>\n                <a href=\"https:\/\/pramec.co\/fabrica-piezas-metalicas\/\"><img decoding=\"async\" src=\"https:\/\/pramec.co\/fabrica-piezas-metalicas\/wp-content\/uploads\/2021\/04\/logo-pramec.png\" alt=\"Pramec SAS\"><\/a><br \/>\n            <!-- Collect the nav links, forms, and other content for toggling --><\/p>\n<ul>\n<li id=\"menu-item-1680\"><a href=\"https:\/\/pramec.co\/fabrica-piezas-metalicas\/\">Inicio<\/a><\/li>\n<li id=\"menu-item-1879\"><a href=\"https:\/\/pramec.co\/fabrica-piezas-metalicas\/pramec-industria-metalmecanica-colombia\/\">Pramec<\/a><\/li>\n<li id=\"menu-item-1200\"><a href=\"#\">Corte L\u00e1ser<\/a>\n<ul>\n<li id=\"menu-item-1201\"><a href=\"https:\/\/pramec.co\/fabrica-piezas-metalicas\/pramec-corter-laser-de-tubo\/\">Corte Laser de Tubo<\/a><\/li>\n<li id=\"menu-item-1202\"><a href=\"https:\/\/pramec.co\/fabrica-piezas-metalicas\/pramec-corter-laser-de-lamina\/\">Corte Laser de Lamina<\/a><\/li>\n<\/ul>\n<\/li>\n<li id=\"menu-item-1217\"><a href=\"#\">Servicios<\/a>\n<ul>\n<li id=\"menu-item-1975\"><a href=\"https:\/\/pramec.co\/fabrica-piezas-metalicas\/pramec-punzonadora\/\">Punzonado<\/a><\/li>\n<li id=\"menu-item-2121\"><a href=\"https:\/\/pramec.co\/fabrica-piezas-metalicas\/pramec-tornos\/\">Tornos<\/a><\/li>\n<li id=\"menu-item-2209\"><a href=\"https:\/\/pramec.co\/fabrica-piezas-metalicas\/pramec-plegado\/\">Plegado<\/a><\/li>\n<li id=\"menu-item-2248\"><a href=\"https:\/\/pramec.co\/fabrica-piezas-metalicas\/pramec-doblado-tuberia\/\">Doblado de Tuber\u00eda<\/a><\/li>\n<li id=\"menu-item-2296\"><a href=\"https:\/\/pramec.co\/fabrica-piezas-metalicas\/pramec-soldadura\/\">Soldadura<\/a><\/li>\n<li id=\"menu-item-2385\"><a href=\"https:\/\/pramec.co\/fabrica-piezas-metalicas\/troquelado-prensa\/\">Troquelado y Prensa<\/a><\/li>\n<li id=\"menu-item-2403\"><a href=\"https:\/\/pramec.co\/fabrica-piezas-metalicas\/pramec-ensamble-piezas-metalicas\/\">Ensamble<\/a><\/li>\n<li id=\"menu-item-1807\"><a href=\"#\">Corte L\u00e1ser<\/a>\n<ul>\n<li id=\"menu-item-1809\"><a href=\"https:\/\/pramec.co\/fabrica-piezas-metalicas\/pramec-corter-laser-de-lamina\/\">Corte Laser de Lamina<\/a><\/li>\n<li id=\"menu-item-1808\"><a href=\"https:\/\/pramec.co\/fabrica-piezas-metalicas\/pramec-corter-laser-de-tubo\/\">Corte Laser de Tubo<\/a><\/li>\n<\/ul>\n<\/li>\n<li id=\"menu-item-4088\"><a href=\"https:\/\/pramec.co\/fabrica-piezas-metalicas\/troquelado-prensa-3\/\">Plaforizado y proceso<br \/>Pintura electroest\u00e1tica<\/a><\/li>\n<li id=\"menu-item-4107\"><a href=\"https:\/\/pramec.co\/fabrica-piezas-metalicas\/celda-soldadura-mig-aluminio-cr-hr\/\">Celda De Soldadura<br \/>Mig Aluminio, Cr, Hr<\/a><\/li>\n<\/ul>\n<\/li>\n<li id=\"menu-item-3671\"><a href=\"#\">Clientes<\/a>\n<ul>\n<li id=\"menu-item-2533\"><a href=\"https:\/\/pramec.co\/fabrica-piezas-metalicas\/pramec-sector-automotriz\/\">Sector Automotriz<\/a><\/li>\n<li id=\"menu-item-2722\"><a href=\"https:\/\/pramec.co\/fabrica-piezas-metalicas\/pramec-sector-carrocerias\/\">Sector Carrocerias<\/a><\/li>\n<li id=\"menu-item-2721\"><a href=\"https:\/\/pramec.co\/fabrica-piezas-metalicas\/pramec-sector-mobiliario\/\">Sector Mobiliario<\/a><\/li>\n<li id=\"menu-item-2720\"><a href=\"https:\/\/pramec.co\/fabrica-piezas-metalicas\/pramec-sector-motopartista\/\">Sector Motopartista<\/a><\/li>\n<li id=\"menu-item-2719\"><a href=\"https:\/\/pramec.co\/fabrica-piezas-metalicas\/pramec-filtracion-refrigeracion-industrial\/\">Filtraci\u00f3n y Refrigeraci\u00f3n<\/a><\/li>\n<li id=\"menu-item-2718\"><a href=\"https:\/\/pramec.co\/fabrica-piezas-metalicas\/pramec-electrico\/\">Sector El\u00e9ctrico<\/a><\/li>\n<li id=\"menu-item-2717\"><a href=\"https:\/\/pramec.co\/fabrica-piezas-metalicas\/pramec-sector-ingenieria\/\">Sector Ingenier\u00eda<\/a><\/li>\n<\/ul>\n<\/li>\n<li id=\"menu-item-1356\"><a href=\"https:\/\/pramec.co\/fabrica-piezas-metalicas\/contacto-pramec-industria-metalmecanica-bogota-colombia\/\">Contacto<\/a><\/li>\n<\/ul>\n<p>            <!-- \/.navbar-collapse --><br \/>\n                                    <a href=\"#test-search\"><\/a><br \/>\n                                            <!-- \/.right-side-box --><br \/>\n        <!-- \/.container --><br \/>\n    <\/nav>\n<\/header>\n<p><!-- \/.header --><\/p>\n<form role=\"search\" method=\"get\" action=\"https:\/\/pramec.co\/fabrica-piezas-metalicas\/\">\n                <input type=\"text\" name=\"s\" placeholder=\"Search for...\"><br \/>\n                    <button type=\"submit\"><\/button><br \/>\n            <\/form>\n<p><button title=\"Close (Esc)\" type=\"button\">\u00d7<\/button><\/p>\n<h2>Blog<\/h2>\n<h2>Pramec<\/h2>\n<form role=\"search\" method=\"get\" action=\"https:\/\/pramec.co\/fabrica-piezas-metalicas\/\">\n        <input type=\"search\" placeholder=\"Search\" value=\"\" name=\"s\" title=\"Search for:\" \/><br \/>\n    <button type=\"submit\"><\/button><br \/>\n<\/form>\n<section>\n                            <img fetchpriority=\"high\" width=\"371\" height=\"240\" src=\"https:\/\/pramec.co\/fabrica-piezas-metalicas\/wp-content\/uploads\/2022\/03\/2-371x240.png\" alt=\"\" decoding=\"async\" \/><br \/>\n                            <a href=\"https:\/\/pramec.co\/fabrica-piezas-metalicas\/celda-de-soldadura-truarcweld1000\/\">Read Post<\/a><br \/>\n                         <time datetime=\"2022-03-11T17:14:00+00:00\">marzo 11, 2022<\/time><\/p>\n<h2><a href=\"https:\/\/pramec.co\/fabrica-piezas-metalicas\/celda-de-soldadura-truarcweld1000\/\">Celda de soldadura TruArc Weld 1000<\/a><\/h2>\n<p>                    <!-- \/.text-box --><br \/>\n                            <img width=\"371\" height=\"240\" src=\"https:\/\/pramec.co\/fabrica-piezas-metalicas\/wp-content\/uploads\/2021\/11\/Acero-371x240.jpg\" alt=\"\" decoding=\"async\" \/><br \/>\n                            <a href=\"https:\/\/pramec.co\/fabrica-piezas-metalicas\/sera-que-los-precios-del-acero-por-fin-van-a-tener-una-disminucion-en-2022\/\">Read Post<\/a><br \/>\n                         <time datetime=\"2021-11-11T17:40:00+00:00\">noviembre 11, 2021<\/time><\/p>\n<h2><a href=\"https:\/\/pramec.co\/fabrica-piezas-metalicas\/sera-que-los-precios-del-acero-por-fin-van-a-tener-una-disminucion-en-2022\/\">\u00bfSer\u00e1 que los precios del acero por fin van a tener una disminuci\u00f3n en 2022?<\/a><\/h2>\n<p>                    <!-- \/.text-box --><br \/>\n                            <img width=\"371\" height=\"240\" src=\"https:\/\/pramec.co\/fabrica-piezas-metalicas\/wp-content\/uploads\/2021\/10\/PRAMEC_4-371x240.jpg\" alt=\"\" decoding=\"async\" \/><br \/>\n                            <a href=\"https:\/\/pramec.co\/fabrica-piezas-metalicas\/nuevo-proceso-de-pretratamiento-plaforizacion\/\">Read Post<\/a><br \/>\n                         <time datetime=\"2021-10-06T22:15:03+00:00\">octubre 6, 2021<\/time><\/p>\n<h2><a href=\"https:\/\/pramec.co\/fabrica-piezas-metalicas\/nuevo-proceso-de-pretratamiento-plaforizacion\/\">NUEVO PROCESO DE PRETRATAMIENTO: Plaforizaci\u00f3n<\/a><\/h2>\n<p>                    <!-- \/.text-box --><br \/>\n                            <img loading=\"lazy\" width=\"371\" height=\"240\" src=\"https:\/\/pramec.co\/fabrica-piezas-metalicas\/wp-content\/uploads\/2021\/07\/42-an\u0303os-pramec-371x240.jpg\" alt=\"\" decoding=\"async\" \/><br \/>\n                            <a href=\"https:\/\/pramec.co\/fabrica-piezas-metalicas\/42-anos-pramec\/\">Read Post<\/a><br \/>\n                         <time datetime=\"2021-07-01T14:48:52+00:00\">julio 1, 2021<\/time><\/p>\n<h2><a href=\"https:\/\/pramec.co\/fabrica-piezas-metalicas\/42-anos-pramec\/\">42 a\u00f1os Pramec<\/a><\/h2>\n<p>                    <!-- \/.text-box --><br \/>\n                            <img loading=\"lazy\" width=\"371\" height=\"240\" src=\"https:\/\/pramec.co\/fabrica-piezas-metalicas\/wp-content\/uploads\/2021\/07\/fabricacion-de-la-proteccion-de-nuestro-termometro-2-371x240.jpg\" alt=\"\" decoding=\"async\" \/><br \/>\n                            <a href=\"https:\/\/pramec.co\/fabrica-piezas-metalicas\/columbus-industrial-market-continues-to-rise\/\">Read Post<\/a><br \/>\n                         <time datetime=\"2021-05-31T21:26:51+00:00\">mayo 31, 2021<\/time><\/p>\n<h2><a href=\"https:\/\/pramec.co\/fabrica-piezas-metalicas\/columbus-industrial-market-continues-to-rise\/\">Procesos de Apoyo Pramec<\/a><\/h2>\n<p>                    <!-- \/.text-box --><br \/>\n                            <img loading=\"lazy\" width=\"371\" height=\"240\" src=\"https:\/\/pramec.co\/fabrica-piezas-metalicas\/wp-content\/uploads\/2021\/07\/Partes-de-un-Colector-de-Polvo-371x240.png\" alt=\"Partes de un Colector de Polvo\" decoding=\"async\" \/><br \/>\n                            <a href=\"https:\/\/pramec.co\/fabrica-piezas-metalicas\/partes-colector-de-polvo\/\">Read Post<\/a><br \/>\n                         <time datetime=\"2021-05-14T22:07:01+00:00\">mayo 14, 2021<\/time><\/p>\n<h2><a href=\"https:\/\/pramec.co\/fabrica-piezas-metalicas\/partes-colector-de-polvo\/\">Partes de un Colector de polvo<\/a><\/h2>\n<p>                    <!-- \/.text-box --><br \/>\n<\/section>\n<p>\t\t\t\t\t\t\t\t\t\t\t\t\t\t\t\t<a href=\"https:\/\/www.pramec.co\"><br \/>\n\t\t\t\t\t\t\t<img loading=\"lazy\" decoding=\"async\" width=\"275\" height=\"71\" src=\"https:\/\/pramec.co\/fabrica-piezas-metalicas\/wp-content\/uploads\/2021\/04\/logo-pramec-3.png\" alt=\"Logo Pramec\" \/>\t\t\t\t\t\t\t\t<\/a><\/p>\n<p>Pramec is a metalwork industry established in 1979. Since its very beginning, Pramec has been recognized as one of the main contributors for the development of the automotive industry in Colombia as well as in the motorcycle industry in the last few years. <\/p>\n<p><a href=\"https:\/\/www.facebook.com\/pramec\" target=\"_blank\" rel=\"noopener\"><img loading=\"lazy\" decoding=\"async\" src=\"https:\/\/pramec.co\/fabrica-piezas-metalicas\/wp-content\/uploads\/2021\/04\/facebook-pramec-2.png\" alt=\"Facebook Pramec\" width=\"35\" height=\"35\" \/><\/a> \u00a0 <a href=\"https:\/\/www.instagram.com\/pramecsas\/\" target=\"_blank\" rel=\"noopener\"><img loading=\"lazy\" decoding=\"async\" src=\"https:\/\/pramec.co\/fabrica-piezas-metalicas\/wp-content\/uploads\/2021\/04\/instagram-pramec-2.png\" alt=\"Instagram Pramec\" width=\"35\" height=\"35\" \/><\/a> \u00a0 <a href=\"https:\/\/www.linkedin.com\/company\/pramec\/\" target=\"_blank\" rel=\"noopener\"><img loading=\"lazy\" decoding=\"async\" src=\"https:\/\/pramec.co\/fabrica-piezas-metalicas\/wp-content\/uploads\/2021\/04\/linkedin-pramec-2.png\" alt=\"Linkedin Pramec\" width=\"35\" height=\"35\" \/><\/a><\/p>\n<ul id=\"menu-product-3\">\n<li id=\"menu-item-3639\"><a href=\"https:\/\/pramec.co\/fabrica-piezas-metalicas\/pramec-corter-laser-de-lamina\/\">Corte L\u00e1ser<\/a><\/li>\n<li id=\"menu-item-3640\"><a href=\"https:\/\/pramec.co\/fabrica-piezas-metalicas\/pramec-corter-laser-de-tubo\/\">Corte L\u00e1ser deTubo<\/a><\/li>\n<li id=\"menu-item-3641\"><a href=\"https:\/\/pramec.co\/fabrica-piezas-metalicas\/pramec-plegado\/\">Plegado<\/a><\/li>\n<li id=\"menu-item-3642\"><a href=\"https:\/\/pramec.co\/fabrica-piezas-metalicas\/pramec-punzonadora\/\">Torno<\/a><\/li>\n<li id=\"menu-item-3643\"><a href=\"https:\/\/pramec.co\/fabrica-piezas-metalicas\/pramec-tornos\/\">Punzonado<\/a><\/li>\n<\/ul>\n<ul id=\"menu-product-4\">\n<li id=\"menu-item-3645\"><a href=\"https:\/\/pramec.co\/fabrica-piezas-metalicas\/pramec-doblado-tuberia\/\">Doblado de tuber\u00eda<\/a><\/li>\n<li id=\"menu-item-3647\"><a href=\"https:\/\/pramec.co\/fabrica-piezas-metalicas\/pramec-soldadura\/\">Soldadura<\/a><\/li>\n<li id=\"menu-item-3648\"><a href=\"https:\/\/pramec.co\/fabrica-piezas-metalicas\/troquelado-prensa\/\">Troquelado y prensa<\/a><\/li>\n<li id=\"menu-item-3646\"><a href=\"https:\/\/pramec.co\/fabrica-piezas-metalicas\/pramec-ensamble-piezas-metalicas\/\">Ensamble<\/a><\/li>\n<li id=\"menu-item-3644\"><a href=\"https:\/\/pramec.co\/fabrica-piezas-metalicas\/pramec-ensamble-piezas-metalicas-2\/\">Blog<\/a><\/li>\n<\/ul>\n<h2>Portfolios<\/h2>\n<p>\t\t\t\t\t\t\t\t\t\t\t\t\t\t\t\t<a href=\"https:\/\/pramec.co\/fabrica-piezas-metalicas\/wp-content\/uploads\/2021\/06\/brochure-pramec.pdf\" target=\"_blank\"><br \/>\n\t\t\t\t\t\t\t<img decoding=\"async\" src=\"https:\/\/pramec.co\/fabrica-piezas-metalicas\/wp-content\/uploads\/elementor\/thumbs\/brochure-pramec-2-2-p6cq5ppnurzdfqm19u12zm7tmf6mz2vhuiiy0nxl34.png\" title=\"brochure-pramec-2\" alt=\"Portafolio Pramec\" loading=\"lazy\" \/>\t\t\t\t\t\t\t\t<\/a><br \/>\n\t\t\t\t\t\t\t\t\t\t\t\t\t\t\t\t<a href=\"https:\/\/pramec.co\/fabrica-piezas-metalicas\/wp-content\/uploads\/2021\/06\/portafolio-pramec-tecnico.pdf\" target=\"_blank\"><br \/>\n\t\t\t\t\t\t\t<img decoding=\"async\" src=\"https:\/\/pramec.co\/fabrica-piezas-metalicas\/wp-content\/uploads\/elementor\/thumbs\/brochure-pramec-2-1-p65cxqs9wpj4enkkpo6ac0id5zwwuc3f4g6y5ksxds.png\" title=\"brochure-pramec-2\" alt=\"brochure-pramec-2\" loading=\"lazy\" \/>\t\t\t\t\t\t\t\t<\/a><\/p>\n<p>2024 \u00a9 All rights reserved Pramec S.A.S.<\/p>\n<ul id=\"menu-footer-pramec\">\n<li id=\"menu-item-1229\"><a href=\"https:\/\/pramec.co\/fabrica-piezas-metalicas\/pramec-industria-metalmecanica-colombia\/\">Pramec<\/a><\/li>\n<li id=\"menu-item-1230\"><a href=\"#\">Politicas Pramec<\/a><\/li>\n<\/ul>\n","protected":false},"excerpt":{"rendered":"<p>+ 57 601 756 4566 +57 310 779 9782 comercial@pramec.co Inicio Pramec Corte L\u00e1ser Corte Laser de Tubo Corte Laser de Lamina Servicios Punzonado Tornos Plegado Doblado de Tuber\u00eda Soldadura Troquelado y Prensa Ensamble Corte L\u00e1ser Corte Laser de Lamina Corte Laser de Tubo Plaforizado y procesoPintura electroest\u00e1tica Celda De SoldaduraMig Aluminio, Cr, Hr Clientes [&hellip;]<\/p>\n","protected":false},"author":1,"featured_media":0,"parent":0,"menu_order":0,"comment_status":"closed","ping_status":"closed","template":"page-builder.php","meta":{"footnotes":""},"class_list":["post-3012","page","type-page","status-publish","hentry"],"translation":{"provider":"WPGlobus","version":"3.0.0","language":"en","enabled_languages":["es","en"],"languages":{"es":{"title":true,"content":true,"excerpt":false},"en":{"title":true,"content":true,"excerpt":false}}},"_links":{"self":[{"href":"https:\/\/pramec.co\/fabrica-piezas-metalicas\/en\/wp-json\/wp\/v2\/pages\/3012","targetHints":{"allow":["GET"]}}],"collection":[{"href":"https:\/\/pramec.co\/fabrica-piezas-metalicas\/en\/wp-json\/wp\/v2\/pages"}],"about":[{"href":"https:\/\/pramec.co\/fabrica-piezas-metalicas\/en\/wp-json\/wp\/v2\/types\/page"}],"author":[{"embeddable":true,"href":"https:\/\/pramec.co\/fabrica-piezas-metalicas\/en\/wp-json\/wp\/v2\/users\/1"}],"replies":[{"embeddable":true,"href":"https:\/\/pramec.co\/fabrica-piezas-metalicas\/en\/wp-json\/wp\/v2\/comments?post=3012"}],"version-history":[{"count":70,"href":"https:\/\/pramec.co\/fabrica-piezas-metalicas\/en\/wp-json\/wp\/v2\/pages\/3012\/revisions"}],"predecessor-version":[{"id":4817,"href":"https:\/\/pramec.co\/fabrica-piezas-metalicas\/en\/wp-json\/wp\/v2\/pages\/3012\/revisions\/4817"}],"wp:attachment":[{"href":"https:\/\/pramec.co\/fabrica-piezas-metalicas\/en\/wp-json\/wp\/v2\/media?parent=3012"}],"curies":[{"name":"wp","href":"https:\/\/api.w.org\/{rel}","templated":true}]}}