{"id":2249,"date":"2021-07-07T23:12:21","date_gmt":"2021-07-07T23:12:21","guid":{"rendered":"https:\/\/pramec.co\/fabrica-piezas-metalicas\/?page_id=2249"},"modified":"2025-09-26T17:44:19","modified_gmt":"2025-09-26T17:44:19","slug":"pramec-soldadura","status":"publish","type":"page","link":"https:\/\/pramec.co\/fabrica-piezas-metalicas\/en\/pramec-soldadura\/","title":{"rendered":"Soldadura"},"content":{"rendered":"<header>\n<p>+ 57 601 756 4566<\/p>\n<p>+57 310 779 9782<\/p>\n<p>            <!-- \/.pull-left --><\/p>\n<p>comercial@pramec.co<\/p>\n<p>            <!-- \/.pull-right --><br \/>\n        <!-- \/.container --><br \/>\n    <!-- \/.header-top --><\/p>\n<nav>\n            <!-- Brand and toggle get grouped for better mobile display --><br \/>\n                <button type=\"button\" data-toggle=\"collapse\" data-target=\".main-navigation\" aria-expanded=\"false\"> <\/button><br \/>\n                <a href=\"https:\/\/pramec.co\/fabrica-piezas-metalicas\/\"><img decoding=\"async\" src=\"https:\/\/pramec.co\/fabrica-piezas-metalicas\/wp-content\/uploads\/2021\/04\/logo-pramec.png\" alt=\"Pramec SAS\"><\/a><br \/>\n            <!-- Collect the nav links, forms, and other content for toggling --><\/p>\n<ul>\n<li id=\"menu-item-1680\"><a href=\"https:\/\/pramec.co\/fabrica-piezas-metalicas\/\">Inicio<\/a><\/li>\n<li id=\"menu-item-1879\"><a href=\"https:\/\/pramec.co\/fabrica-piezas-metalicas\/pramec-industria-metalmecanica-colombia\/\">Pramec<\/a><\/li>\n<li id=\"menu-item-1200\"><a href=\"#\">Corte L\u00e1ser<\/a>\n<ul>\n<li id=\"menu-item-1201\"><a href=\"https:\/\/pramec.co\/fabrica-piezas-metalicas\/pramec-corter-laser-de-tubo\/\">Corte Laser de Tubo<\/a><\/li>\n<li id=\"menu-item-1202\"><a href=\"https:\/\/pramec.co\/fabrica-piezas-metalicas\/pramec-corter-laser-de-lamina\/\">Corte Laser de Lamina<\/a><\/li>\n<\/ul>\n<\/li>\n<li id=\"menu-item-1217\"><a href=\"#\">Servicios<\/a>\n<ul>\n<li id=\"menu-item-1975\"><a href=\"https:\/\/pramec.co\/fabrica-piezas-metalicas\/pramec-punzonadora\/\">Punzonado<\/a><\/li>\n<li id=\"menu-item-2121\"><a href=\"https:\/\/pramec.co\/fabrica-piezas-metalicas\/pramec-tornos\/\">Tornos<\/a><\/li>\n<li id=\"menu-item-2209\"><a href=\"https:\/\/pramec.co\/fabrica-piezas-metalicas\/pramec-plegado\/\">Plegado<\/a><\/li>\n<li id=\"menu-item-2248\"><a href=\"https:\/\/pramec.co\/fabrica-piezas-metalicas\/pramec-doblado-tuberia\/\">Doblado de Tuber\u00eda<\/a><\/li>\n<li id=\"menu-item-2296\"><a href=\"https:\/\/pramec.co\/fabrica-piezas-metalicas\/pramec-soldadura\/\">Soldadura<\/a><\/li>\n<li id=\"menu-item-2385\"><a href=\"https:\/\/pramec.co\/fabrica-piezas-metalicas\/troquelado-prensa\/\">Troquelado y Prensa<\/a><\/li>\n<li id=\"menu-item-2403\"><a href=\"https:\/\/pramec.co\/fabrica-piezas-metalicas\/pramec-ensamble-piezas-metalicas\/\">Ensamble<\/a><\/li>\n<li id=\"menu-item-1807\"><a href=\"#\">Corte L\u00e1ser<\/a>\n<ul>\n<li id=\"menu-item-1809\"><a href=\"https:\/\/pramec.co\/fabrica-piezas-metalicas\/pramec-corter-laser-de-lamina\/\">Corte Laser de Lamina<\/a><\/li>\n<li id=\"menu-item-1808\"><a href=\"https:\/\/pramec.co\/fabrica-piezas-metalicas\/pramec-corter-laser-de-tubo\/\">Corte Laser de Tubo<\/a><\/li>\n<\/ul>\n<\/li>\n<li id=\"menu-item-4088\"><a href=\"https:\/\/pramec.co\/fabrica-piezas-metalicas\/troquelado-prensa-3\/\">Plaforizado y proceso<br \/>Pintura electroest\u00e1tica<\/a><\/li>\n<li id=\"menu-item-4107\"><a href=\"https:\/\/pramec.co\/fabrica-piezas-metalicas\/celda-soldadura-mig-aluminio-cr-hr\/\">Celda De Soldadura<br \/>Mig Aluminio, Cr, Hr<\/a><\/li>\n<\/ul>\n<\/li>\n<li id=\"menu-item-3671\"><a href=\"#\">Clientes<\/a>\n<ul>\n<li id=\"menu-item-2533\"><a href=\"https:\/\/pramec.co\/fabrica-piezas-metalicas\/pramec-sector-automotriz\/\">Sector Automotriz<\/a><\/li>\n<li id=\"menu-item-2722\"><a href=\"https:\/\/pramec.co\/fabrica-piezas-metalicas\/pramec-sector-carrocerias\/\">Sector Carrocerias<\/a><\/li>\n<li id=\"menu-item-2721\"><a href=\"https:\/\/pramec.co\/fabrica-piezas-metalicas\/pramec-sector-mobiliario\/\">Sector Mobiliario<\/a><\/li>\n<li id=\"menu-item-2720\"><a href=\"https:\/\/pramec.co\/fabrica-piezas-metalicas\/pramec-sector-motopartista\/\">Sector Motopartista<\/a><\/li>\n<li id=\"menu-item-2719\"><a href=\"https:\/\/pramec.co\/fabrica-piezas-metalicas\/pramec-filtracion-refrigeracion-industrial\/\">Filtraci\u00f3n y Refrigeraci\u00f3n<\/a><\/li>\n<li id=\"menu-item-2718\"><a href=\"https:\/\/pramec.co\/fabrica-piezas-metalicas\/pramec-electrico\/\">Sector El\u00e9ctrico<\/a><\/li>\n<li id=\"menu-item-2717\"><a href=\"https:\/\/pramec.co\/fabrica-piezas-metalicas\/pramec-sector-ingenieria\/\">Sector Ingenier\u00eda<\/a><\/li>\n<\/ul>\n<\/li>\n<li id=\"menu-item-1356\"><a href=\"https:\/\/pramec.co\/fabrica-piezas-metalicas\/contacto-pramec-industria-metalmecanica-bogota-colombia\/\">Contacto<\/a><\/li>\n<\/ul>\n<p>            <!-- \/.navbar-collapse --><br \/>\n                                    <a href=\"#test-search\"><\/a><br \/>\n                                            <!-- \/.right-side-box --><br \/>\n        <!-- \/.container --><br \/>\n    <\/nav>\n<\/header>\n<p><!-- \/.header --><\/p>\n<form role=\"search\" method=\"get\" action=\"https:\/\/pramec.co\/fabrica-piezas-metalicas\/\">\n                <input type=\"text\" name=\"s\" placeholder=\"Search for...\"><br \/>\n                    <button type=\"submit\"><\/button><br \/>\n            <\/form>\n<p><button title=\"Close (Esc)\" type=\"button\">\u00d7<\/button><\/p>\n<h2>Welding<\/h2>\n<h2>Pramec<\/h2>\n<h2>Welding<\/h2>\n<h2>Today\u2019s advances in metallurgical industry are based in the quality as well as in the agility of welding processes. Therefore, we are supported by a Truarc Weld 1000, eight (8) Metal Inert Gas (MIG) welding stations.  <\/h2>\n<p>\t\tFurthermore, we are also provided with specialized equipment for Tungsten Inert Gas(TIG) spot and projection welding twenty four hours per day the whole week.<br \/>\n\t\t\t\t\t\t\t\t\t\t\t\t\t\t\t<img fetchpriority=\"high\" decoding=\"async\" width=\"640\" height=\"566\" src=\"https:\/\/pramec.co\/fabrica-piezas-metalicas\/wp-content\/uploads\/2021\/07\/soldadura-metalmecanica-bogota-colombia-4-1024x906.jpg\" alt=\"Soldadura Metalmecnica industrial colombia\" srcset=\"https:\/\/pramec.co\/fabrica-piezas-metalicas\/wp-content\/uploads\/2021\/07\/soldadura-metalmecanica-bogota-colombia-4-1024x906.jpg 1024w, https:\/\/pramec.co\/fabrica-piezas-metalicas\/wp-content\/uploads\/2021\/07\/soldadura-metalmecanica-bogota-colombia-4-300x265.jpg 300w, https:\/\/pramec.co\/fabrica-piezas-metalicas\/wp-content\/uploads\/2021\/07\/soldadura-metalmecanica-bogota-colombia-4-768x679.jpg 768w, https:\/\/pramec.co\/fabrica-piezas-metalicas\/wp-content\/uploads\/2021\/07\/soldadura-metalmecanica-bogota-colombia-4.jpg 1300w\" sizes=\"(max-width: 640px) 100vw, 640px\" \/>\t\t\t\t\t\t\t\t\t\t\t\t\t\t\t<\/p>\n<h3>we are supported by<br \/>8 Metal Inert Gas (MIG) welding stations.<\/h3>\n<p>\t\t<a href=\"https:\/\/pramec.co\/fabrica-piezas-metalicas\/en\/contacto-pramec-industria-metalmecanica-bogota-colombia\/\"><br \/>\n                        Contact<br \/>\n        \t\t<\/a><\/p>\n<figure class='gallery-item'>\n\t\t\t\t<a data-elementor-open-lightbox=\"yes\" data-elementor-lightbox-slideshow=\"58fbdfe\" data-elementor-lightbox-title=\"DSC05249\" data-e-action-hash=\"#elementor-action%3Aaction%3Dlightbox%26settings%3DeyJpZCI6Mzk5OCwidXJsIjoiaHR0cHM6XC9cL3ByYW1lYy5jb1wvZmFicmljYS1waWV6YXMtbWV0YWxpY2FzXC93cC1jb250ZW50XC91cGxvYWRzXC8yMDIzXC8wMlwvRFNDMDUyNDktMS1zY2FsZWQuanBnIiwic2xpZGVzaG93IjoiNThmYmRmZSJ9\" href='https:\/\/pramec.co\/fabrica-piezas-metalicas\/wp-content\/uploads\/2023\/02\/DSC05249-1-scaled.jpg'><img width=\"150\" height=\"150\" src=\"https:\/\/pramec.co\/fabrica-piezas-metalicas\/wp-content\/uploads\/2023\/02\/DSC05249-1-150x150.jpg\" alt=\"\" aria-describedby=\"gallery-1-3998\" decoding=\"async\" \/><\/a><figcaption class='wp-caption-text gallery-caption' id='gallery-1-3998'>\n\t\t\t\tTruarc Weld 1000<br \/>\n\t\t\t\t<\/figcaption><\/figure>\n<figure class='gallery-item'>\n\t\t\t\t<a data-elementor-open-lightbox=\"yes\" data-elementor-lightbox-slideshow=\"58fbdfe\" data-elementor-lightbox-title=\"DSC05251\" data-e-action-hash=\"#elementor-action%3Aaction%3Dlightbox%26settings%3DeyJpZCI6Mzk5NywidXJsIjoiaHR0cHM6XC9cL3ByYW1lYy5jb1wvZmFicmljYS1waWV6YXMtbWV0YWxpY2FzXC93cC1jb250ZW50XC91cGxvYWRzXC8yMDIzXC8wMlwvRFNDMDUyNTEtMS1zY2FsZWQuanBnIiwic2xpZGVzaG93IjoiNThmYmRmZSJ9\" href='https:\/\/pramec.co\/fabrica-piezas-metalicas\/wp-content\/uploads\/2023\/02\/DSC05251-1-scaled.jpg'><img width=\"150\" height=\"150\" src=\"https:\/\/pramec.co\/fabrica-piezas-metalicas\/wp-content\/uploads\/2023\/02\/DSC05251-1-150x150.jpg\" alt=\"\" aria-describedby=\"gallery-1-3997\" decoding=\"async\" \/><\/a><figcaption class='wp-caption-text gallery-caption' id='gallery-1-3997'>\n\t\t\t\tTruarc Weld 1000<br \/>\n\t\t\t\t<\/figcaption><\/figure>\n<figure class='gallery-item'>\n\t\t\t\t<a data-elementor-open-lightbox=\"yes\" data-elementor-lightbox-slideshow=\"58fbdfe\" data-elementor-lightbox-title=\"soldadura-metalmecanica-bogota-colombia-6\" data-e-action-hash=\"#elementor-action%3Aaction%3Dlightbox%26settings%3DeyJpZCI6MjI4MywidXJsIjoiaHR0cHM6XC9cL3ByYW1lYy5jb1wvZmFicmljYS1waWV6YXMtbWV0YWxpY2FzXC93cC1jb250ZW50XC91cGxvYWRzXC8yMDIxXC8wN1wvc29sZGFkdXJhLW1ldGFsbWVjYW5pY2EtYm9nb3RhLWNvbG9tYmlhLTYuanBnIiwic2xpZGVzaG93IjoiNThmYmRmZSJ9\" href='https:\/\/pramec.co\/fabrica-piezas-metalicas\/wp-content\/uploads\/2021\/07\/soldadura-metalmecanica-bogota-colombia-6.jpg'><img loading=\"lazy\" width=\"150\" height=\"150\" src=\"https:\/\/pramec.co\/fabrica-piezas-metalicas\/wp-content\/uploads\/2021\/07\/soldadura-metalmecanica-bogota-colombia-6-150x150.jpg\" alt=\"Soldadura metalica para la industria\" decoding=\"async\" \/><\/a><br \/>\n\t\t\t<\/figure>\n<figure class='gallery-item'>\n\t\t\t\t<a data-elementor-open-lightbox=\"yes\" data-elementor-lightbox-slideshow=\"58fbdfe\" data-elementor-lightbox-title=\"soldadura-metalmecanica-bogota-colombia-7\" data-e-action-hash=\"#elementor-action%3Aaction%3Dlightbox%26settings%3DeyJpZCI6MjI4NCwidXJsIjoiaHR0cHM6XC9cL3ByYW1lYy5jb1wvZmFicmljYS1waWV6YXMtbWV0YWxpY2FzXC93cC1jb250ZW50XC91cGxvYWRzXC8yMDIxXC8wN1wvc29sZGFkdXJhLW1ldGFsbWVjYW5pY2EtYm9nb3RhLWNvbG9tYmlhLTcuanBnIiwic2xpZGVzaG93IjoiNThmYmRmZSJ9\" href='https:\/\/pramec.co\/fabrica-piezas-metalicas\/wp-content\/uploads\/2021\/07\/soldadura-metalmecanica-bogota-colombia-7.jpg'><img loading=\"lazy\" width=\"150\" height=\"150\" src=\"https:\/\/pramec.co\/fabrica-piezas-metalicas\/wp-content\/uploads\/2021\/07\/soldadura-metalmecanica-bogota-colombia-7-150x150.jpg\" alt=\"Soldadura metalica para la industria\" decoding=\"async\" \/><\/a><br \/>\n\t\t\t<\/figure>\n<figure class='gallery-item'>\n\t\t\t\t<a data-elementor-open-lightbox=\"yes\" data-elementor-lightbox-slideshow=\"58fbdfe\" data-elementor-lightbox-title=\"soldadura-metalmecanica-bogota-colombia-8\" data-e-action-hash=\"#elementor-action%3Aaction%3Dlightbox%26settings%3DeyJpZCI6MjI4NSwidXJsIjoiaHR0cHM6XC9cL3ByYW1lYy5jb1wvZmFicmljYS1waWV6YXMtbWV0YWxpY2FzXC93cC1jb250ZW50XC91cGxvYWRzXC8yMDIxXC8wN1wvc29sZGFkdXJhLW1ldGFsbWVjYW5pY2EtYm9nb3RhLWNvbG9tYmlhLTguanBnIiwic2xpZGVzaG93IjoiNThmYmRmZSJ9\" href='https:\/\/pramec.co\/fabrica-piezas-metalicas\/wp-content\/uploads\/2021\/07\/soldadura-metalmecanica-bogota-colombia-8.jpg'><img loading=\"lazy\" width=\"150\" height=\"150\" src=\"https:\/\/pramec.co\/fabrica-piezas-metalicas\/wp-content\/uploads\/2021\/07\/soldadura-metalmecanica-bogota-colombia-8-150x150.jpg\" alt=\"Soldadura metalica para la industria\" decoding=\"async\" \/><\/a><br \/>\n\t\t\t<\/figure>\n<figure class='gallery-item'>\n\t\t\t\t<a data-elementor-open-lightbox=\"yes\" data-elementor-lightbox-slideshow=\"58fbdfe\" data-elementor-lightbox-title=\"soldadura-metalmecanica-bogota-colombia-94\" data-e-action-hash=\"#elementor-action%3Aaction%3Dlightbox%26settings%3DeyJpZCI6MjgxMSwidXJsIjoiaHR0cHM6XC9cL3ByYW1lYy5jb1wvZmFicmljYS1waWV6YXMtbWV0YWxpY2FzXC93cC1jb250ZW50XC91cGxvYWRzXC8yMDIxXC8wN1wvc29sZGFkdXJhLW1ldGFsbWVjYW5pY2EtYm9nb3RhLWNvbG9tYmlhLTk0LmpwZyIsInNsaWRlc2hvdyI6IjU4ZmJkZmUifQ%3D%3D\" href='https:\/\/pramec.co\/fabrica-piezas-metalicas\/wp-content\/uploads\/2021\/07\/soldadura-metalmecanica-bogota-colombia-94.jpg'><img loading=\"lazy\" width=\"150\" height=\"150\" src=\"https:\/\/pramec.co\/fabrica-piezas-metalicas\/wp-content\/uploads\/2021\/07\/soldadura-metalmecanica-bogota-colombia-94-150x150.jpg\" alt=\"Soldadura piezas metalmecanicas Bogota Colombia\" decoding=\"async\" \/><\/a><br \/>\n\t\t\t<\/figure>\n<figure class='gallery-item'>\n\t\t\t\t<a data-elementor-open-lightbox=\"yes\" data-elementor-lightbox-slideshow=\"58fbdfe\" data-elementor-lightbox-title=\"soldadura-metalmecanica-bogota-colombia-95\" data-e-action-hash=\"#elementor-action%3Aaction%3Dlightbox%26settings%3DeyJpZCI6MjgxMiwidXJsIjoiaHR0cHM6XC9cL3ByYW1lYy5jb1wvZmFicmljYS1waWV6YXMtbWV0YWxpY2FzXC93cC1jb250ZW50XC91cGxvYWRzXC8yMDIxXC8wN1wvc29sZGFkdXJhLW1ldGFsbWVjYW5pY2EtYm9nb3RhLWNvbG9tYmlhLTk1LmpwZyIsInNsaWRlc2hvdyI6IjU4ZmJkZmUifQ%3D%3D\" href='https:\/\/pramec.co\/fabrica-piezas-metalicas\/wp-content\/uploads\/2021\/07\/soldadura-metalmecanica-bogota-colombia-95.jpg'><img loading=\"lazy\" width=\"150\" height=\"150\" src=\"https:\/\/pramec.co\/fabrica-piezas-metalicas\/wp-content\/uploads\/2021\/07\/soldadura-metalmecanica-bogota-colombia-95-150x150.jpg\" alt=\"Soldadura piezas metalmecanicas Bogota Colombia\" decoding=\"async\" \/><\/a><br \/>\n\t\t\t<\/figure>\n<figure class='gallery-item'>\n\t\t\t\t<a data-elementor-open-lightbox=\"yes\" data-elementor-lightbox-slideshow=\"58fbdfe\" data-elementor-lightbox-title=\"soldadura-metalmecanica-bogota-colombia-96\" data-e-action-hash=\"#elementor-action%3Aaction%3Dlightbox%26settings%3DeyJpZCI6MjgxMywidXJsIjoiaHR0cHM6XC9cL3ByYW1lYy5jb1wvZmFicmljYS1waWV6YXMtbWV0YWxpY2FzXC93cC1jb250ZW50XC91cGxvYWRzXC8yMDIxXC8wN1wvc29sZGFkdXJhLW1ldGFsbWVjYW5pY2EtYm9nb3RhLWNvbG9tYmlhLTk2LmpwZyIsInNsaWRlc2hvdyI6IjU4ZmJkZmUifQ%3D%3D\" href='https:\/\/pramec.co\/fabrica-piezas-metalicas\/wp-content\/uploads\/2021\/07\/soldadura-metalmecanica-bogota-colombia-96.jpg'><img loading=\"lazy\" width=\"150\" height=\"150\" src=\"https:\/\/pramec.co\/fabrica-piezas-metalicas\/wp-content\/uploads\/2021\/07\/soldadura-metalmecanica-bogota-colombia-96-150x150.jpg\" alt=\"Soldadura piezas metalmecanicas Bogota Colombia\" decoding=\"async\" \/><\/a><br \/>\n\t\t\t<\/figure>\n<p>                <img loading=\"lazy\" width=\"567\" height=\"527\" src=\"https:\/\/pramec.co\/fabrica-piezas-metalicas\/wp-content\/uploads\/2021\/07\/soldadura-metalmecanica-bogota-colombia-5.jpg\" alt=\"Soldadura metalmecanico\" decoding=\"async\" srcset=\"https:\/\/pramec.co\/fabrica-piezas-metalicas\/wp-content\/uploads\/2021\/07\/soldadura-metalmecanica-bogota-colombia-5.jpg 567w, https:\/\/pramec.co\/fabrica-piezas-metalicas\/wp-content\/uploads\/2021\/07\/soldadura-metalmecanica-bogota-colombia-5-300x279.jpg 300w\" sizes=\"(max-width: 567px) 100vw, 567px\" \/><br \/>\n                <a href=\"https:\/\/www.youtube.com\/embed\/zAvITlBbCO8\" data-featherlight=\"iframe\" data-featherlight-iframe-width=\"960\" data-featherlight-iframe-height=\"540\"><br \/>\n                <\/a><\/p>\n<h2>Do you have a project?<\/h2>\n<p>Enter your data in the form; the versatility and precision of our state-of- the-art machinery allow us to complete projects in reasonable times, offering the best manufacturing alternatives with optimal material use, which results in highly competitive prices.<\/p>\n<p role=\"status\" aria-live=\"polite\" aria-atomic=\"true\">\n<ul><\/ul>\n<form action=\"\/fabrica-piezas-metalicas\/wp-admin\/admin-ajax.php#wpcf7-f3370-o1\" method=\"post\" aria-label=\"Contact form\" novalidate=\"novalidate\" data-status=\"init\">\n<fieldset><input type=\"hidden\" name=\"_wpcf7\" value=\"3370\" \/><input type=\"hidden\" name=\"_wpcf7_version\" value=\"6.1.1\" \/><input type=\"hidden\" name=\"_wpcf7_locale\" value=\"en_US\" \/><input type=\"hidden\" name=\"_wpcf7_unit_tag\" value=\"wpcf7-f3370-o1\" \/><input type=\"hidden\" name=\"_wpcf7_container_post\" value=\"0\" \/><input type=\"hidden\" name=\"_wpcf7_posted_data_hash\" value=\"\" \/><br \/>\n<\/fieldset>\n<p><label> Name <input size=\"40\" maxlength=\"400\" aria-invalid=\"false\" value=\"\" type=\"text\" name=\"Nombre\" \/><\/label><br \/>\n<label> Phone <input size=\"40\" maxlength=\"400\" aria-invalid=\"false\" value=\"\" type=\"tel\" name=\"tel-191\" \/><\/label><br \/>\n<label> Email<input size=\"40\" maxlength=\"400\" aria-invalid=\"false\" value=\"\" type=\"email\" name=\"email-519\" \/><\/label><br \/>\n<label> Company <input size=\"40\" maxlength=\"400\" aria-invalid=\"false\" value=\"\" type=\"text\" name=\"Company\" \/><\/label><br \/>\nMessage <textarea cols=\"40\" rows=\"10\" maxlength=\"2000\" aria-invalid=\"false\" name=\"Message\"><\/textarea><br \/>\n<input type=\"submit\" value=\"Send\" \/><br \/>\n<\/form>\n<p>\t\t\t\t\t\t\t\t\t\t\t\t\t\t\t\t<a href=\"https:\/\/www.pramec.co\"><br \/>\n\t\t\t\t\t\t\t<img loading=\"lazy\" decoding=\"async\" width=\"275\" height=\"71\" src=\"https:\/\/pramec.co\/fabrica-piezas-metalicas\/wp-content\/uploads\/2021\/04\/logo-pramec-3.png\" alt=\"Logo Pramec\" \/>\t\t\t\t\t\t\t\t<\/a><\/p>\n<p>Pramec is a metalwork industry established in 1979. Since its very beginning, Pramec has been recognized as one of the main contributors for the development of the automotive industry in Colombia as well as in the motorcycle industry in the last few years. <\/p>\n<p><a href=\"https:\/\/www.facebook.com\/pramec\" target=\"_blank\" rel=\"noopener\"><img loading=\"lazy\" decoding=\"async\" src=\"https:\/\/pramec.co\/fabrica-piezas-metalicas\/wp-content\/uploads\/2021\/04\/facebook-pramec-2.png\" alt=\"Facebook Pramec\" width=\"35\" height=\"35\" \/><\/a> \u00a0 <a href=\"https:\/\/www.instagram.com\/pramecsas\/\" target=\"_blank\" rel=\"noopener\"><img loading=\"lazy\" decoding=\"async\" src=\"https:\/\/pramec.co\/fabrica-piezas-metalicas\/wp-content\/uploads\/2021\/04\/instagram-pramec-2.png\" alt=\"Instagram Pramec\" width=\"35\" height=\"35\" \/><\/a> \u00a0 <a href=\"https:\/\/www.linkedin.com\/company\/pramec\/\" target=\"_blank\" rel=\"noopener\"><img loading=\"lazy\" decoding=\"async\" src=\"https:\/\/pramec.co\/fabrica-piezas-metalicas\/wp-content\/uploads\/2021\/04\/linkedin-pramec-2.png\" alt=\"Linkedin Pramec\" width=\"35\" height=\"35\" \/><\/a><\/p>\n<ul id=\"menu-product-3\">\n<li id=\"menu-item-3639\"><a href=\"https:\/\/pramec.co\/fabrica-piezas-metalicas\/pramec-corter-laser-de-lamina\/\">Corte L\u00e1ser<\/a><\/li>\n<li id=\"menu-item-3640\"><a href=\"https:\/\/pramec.co\/fabrica-piezas-metalicas\/pramec-corter-laser-de-tubo\/\">Corte L\u00e1ser deTubo<\/a><\/li>\n<li id=\"menu-item-3641\"><a href=\"https:\/\/pramec.co\/fabrica-piezas-metalicas\/pramec-plegado\/\">Plegado<\/a><\/li>\n<li id=\"menu-item-3642\"><a href=\"https:\/\/pramec.co\/fabrica-piezas-metalicas\/pramec-punzonadora\/\">Torno<\/a><\/li>\n<li id=\"menu-item-3643\"><a href=\"https:\/\/pramec.co\/fabrica-piezas-metalicas\/pramec-tornos\/\">Punzonado<\/a><\/li>\n<\/ul>\n<ul id=\"menu-product-4\">\n<li id=\"menu-item-3645\"><a href=\"https:\/\/pramec.co\/fabrica-piezas-metalicas\/pramec-doblado-tuberia\/\">Doblado de tuber\u00eda<\/a><\/li>\n<li id=\"menu-item-3647\"><a href=\"https:\/\/pramec.co\/fabrica-piezas-metalicas\/pramec-soldadura\/\">Soldadura<\/a><\/li>\n<li id=\"menu-item-3648\"><a href=\"https:\/\/pramec.co\/fabrica-piezas-metalicas\/troquelado-prensa\/\">Troquelado y prensa<\/a><\/li>\n<li id=\"menu-item-3646\"><a href=\"https:\/\/pramec.co\/fabrica-piezas-metalicas\/pramec-ensamble-piezas-metalicas\/\">Ensamble<\/a><\/li>\n<li id=\"menu-item-3644\"><a href=\"https:\/\/pramec.co\/fabrica-piezas-metalicas\/pramec-ensamble-piezas-metalicas-2\/\">Blog<\/a><\/li>\n<\/ul>\n<h2>Portfolios<\/h2>\n<p>\t\t\t\t\t\t\t\t\t\t\t\t\t\t\t\t<a href=\"https:\/\/pramec.co\/fabrica-piezas-metalicas\/wp-content\/uploads\/2021\/06\/brochure-pramec.pdf\" target=\"_blank\"><br \/>\n\t\t\t\t\t\t\t<img decoding=\"async\" src=\"https:\/\/pramec.co\/fabrica-piezas-metalicas\/wp-content\/uploads\/elementor\/thumbs\/brochure-pramec-2-2-p6cq5ppnurzdfqm19u12zm7tmf6mz2vhuiiy0nxl34.png\" title=\"brochure-pramec-2\" alt=\"Portafolio Pramec\" loading=\"lazy\" \/>\t\t\t\t\t\t\t\t<\/a><br \/>\n\t\t\t\t\t\t\t\t\t\t\t\t\t\t\t\t<a href=\"https:\/\/pramec.co\/fabrica-piezas-metalicas\/wp-content\/uploads\/2021\/06\/portafolio-pramec-tecnico.pdf\" target=\"_blank\"><br \/>\n\t\t\t\t\t\t\t<img decoding=\"async\" src=\"https:\/\/pramec.co\/fabrica-piezas-metalicas\/wp-content\/uploads\/elementor\/thumbs\/brochure-pramec-2-1-p65cxqs9wpj4enkkpo6ac0id5zwwuc3f4g6y5ksxds.png\" title=\"brochure-pramec-2\" alt=\"brochure-pramec-2\" loading=\"lazy\" \/>\t\t\t\t\t\t\t\t<\/a><\/p>\n<p>2025 \u00a9 All rights reserved Pramec S.A.S.<\/p>\n<ul id=\"menu-footer-pramec\">\n<li id=\"menu-item-1229\"><a href=\"https:\/\/pramec.co\/fabrica-piezas-metalicas\/pramec-industria-metalmecanica-colombia\/\">Pramec<\/a><\/li>\n<li id=\"menu-item-1230\"><a href=\"#\">Politicas Pramec<\/a><\/li>\n<\/ul>\n","protected":false},"excerpt":{"rendered":"<p>+ 57 601 756 4566 +57 310 779 9782 comercial@pramec.co Inicio Pramec Corte L\u00e1ser Corte Laser de Tubo Corte Laser de Lamina Servicios Punzonado Tornos Plegado Doblado de Tuber\u00eda Soldadura Troquelado y Prensa Ensamble Corte L\u00e1ser Corte Laser de Lamina Corte Laser de Tubo Plaforizado y procesoPintura electroest\u00e1tica Celda De SoldaduraMig Aluminio, Cr, Hr Clientes [&hellip;]<\/p>\n","protected":false},"author":1,"featured_media":0,"parent":0,"menu_order":0,"comment_status":"closed","ping_status":"closed","template":"page-builder.php","meta":{"footnotes":""},"class_list":["post-2249","page","type-page","status-publish","hentry"],"translation":{"provider":"WPGlobus","version":"3.0.0","language":"en","enabled_languages":["es","en"],"languages":{"es":{"title":true,"content":true,"excerpt":false},"en":{"title":true,"content":true,"excerpt":false}}},"_links":{"self":[{"href":"https:\/\/pramec.co\/fabrica-piezas-metalicas\/en\/wp-json\/wp\/v2\/pages\/2249","targetHints":{"allow":["GET"]}}],"collection":[{"href":"https:\/\/pramec.co\/fabrica-piezas-metalicas\/en\/wp-json\/wp\/v2\/pages"}],"about":[{"href":"https:\/\/pramec.co\/fabrica-piezas-metalicas\/en\/wp-json\/wp\/v2\/types\/page"}],"author":[{"embeddable":true,"href":"https:\/\/pramec.co\/fabrica-piezas-metalicas\/en\/wp-json\/wp\/v2\/users\/1"}],"replies":[{"embeddable":true,"href":"https:\/\/pramec.co\/fabrica-piezas-metalicas\/en\/wp-json\/wp\/v2\/comments?post=2249"}],"version-history":[{"count":130,"href":"https:\/\/pramec.co\/fabrica-piezas-metalicas\/en\/wp-json\/wp\/v2\/pages\/2249\/revisions"}],"predecessor-version":[{"id":5112,"href":"https:\/\/pramec.co\/fabrica-piezas-metalicas\/en\/wp-json\/wp\/v2\/pages\/2249\/revisions\/5112"}],"wp:attachment":[{"href":"https:\/\/pramec.co\/fabrica-piezas-metalicas\/en\/wp-json\/wp\/v2\/media?parent=2249"}],"curies":[{"name":"wp","href":"https:\/\/api.w.org\/{rel}","templated":true}]}}